{"id":622,"date":"2025-06-02T05:19:37","date_gmt":"2025-06-02T05:19:37","guid":{"rendered":"https:\/\/thuchanhseo.com\/?page_id=622"},"modified":"2025-08-20T15:20:12","modified_gmt":"2025-08-20T15:20:12","slug":"luna-charms","status":"publish","type":"page","link":"https:\/\/thuchanhseo.com\/?page_id=622","title":{"rendered":"C\u00e1ch ch\u1ecdn v\u00f2ng tay Handmade theo m\u1ec7nh"},"content":{"rendered":"\n<p><strong>V\u00f2ng tay Handmade theo m\u1ec7nh \u2013Ph\u1ee5 ki\u1ec7n phong th\u1ee7y c\u00e1 t\u00ednh v\u00e0 may m\u1eafn.<\/strong><\/p>\n\n\n\n<p>Kh\u00e1m ph\u00e1 c\u00e1c m\u1eabu v\u00f2ng tay Handmade ph\u00f9 h\u1ee3p v\u1edbi t\u1eebng m\u1ec7nh: Kim, M\u1ed9c, Th\u1ee7y, H\u1ecfa, Th\u1ed5 \u2013Gi\u00fap t\u0103ng may m\u1eafn, b\u00ecnh \u0103n v\u00e0 t\u00e0i l\u1ed9c trong cu\u1ed9c s\u1ed1ng. H\u01b0\u1edbng d\u1eabn ch\u1ecdn v\u00f2ng theo ng\u0169 h\u00e0nh chu\u1ea9n nh\u1ea5t!<\/p>\n\n\n\n<p><strong>1.&nbsp;&nbsp;&nbsp;<\/strong><strong>V\u00f2ng tay Handmade theo m\u1ec7nh l\u00e0 g\u00ec?<\/strong><\/p>\n\n\n\n<p>&#8211; V\u00f2ng tay Handmade theo m\u1ec7nh l\u00e0 lo\u1ea1i v\u00f2ng \u0111\u01b0\u1ee3c thi\u1ebft k\u1ebf th\u1ee7 c\u00f4ng, k\u1ebft h\u1ee3p gi\u1eefa c\u00e1c y\u1ebfu t\u1ed1 th\u1ea9m m\u1ef9 v\u00e0 phong th\u1ee7y. M\u1ed7i chi\u1ebfc v\u00f2ng s\u1ebd s\u1eed d\u1ee5ng m\u00e0u s\u1eafc, ch\u1ea5t li\u1ec7u v\u00e0 ki\u1ec3u d\u00e1ng ph\u00f9 h\u1ee3p v\u1edbi t\u1eebng b\u1ea3n m\u1ec7nh trong ng\u0169 h\u00e0nh: Kim, M\u1ed9c, Th\u1ee7y, H\u1ecfa, Th\u1ed5.<\/p>\n\n\n\n<figure class=\"wp-block-image aligncenter size-full\"><img decoding=\"async\" width=\"159\" height=\"282\" src=\"https:\/\/thuchanhseo.com\/wp-content\/uploads\/2025\/06\/z6605096610392_9a8021ce2b82ce4ffdb4dbfd289870a9.jpg\" alt=\"\" class=\"wp-image-700\"\/><\/figure>\n\n\n\n<p>&#8211; Kh\u00f4ng ch\u1ec9 l\u00e0 ph\u1ee5 ki\u1ec7n th\u1eddi trang \u0111\u1ed9c \u0111\u00e1o, v\u00f2ng tay Handmade theo m\u1ec7nh c\u00f2n \u0111\u01b0\u1ee3c tin r\u1eb1ng mang l\u1ea1i may m\u1eafn, s\u1ee9c kh\u1ecfe, t\u00ecnh duy\u00ean v\u00e0 t\u00e0i l\u1ed9c cho ng\u01b0\u1eddi \u0111eo.<\/p>\n\n\n\n<p><strong>2.&nbsp;&nbsp;&nbsp;<\/strong><strong>L\u1ee3i \u00edch khi \u0111eo v\u00f2ng tay Handmade ph\u00f9 h\u1ee3p v\u1edbi m\u1ec7nh.<\/strong><\/p>\n\n\n\n<p>+ &nbsp;<strong>T\u0103ng c\u01b0\u1eddng n\u0103ng l\u01b0\u1ee3ng t\u00edch c\u1ef1c:<\/strong>&nbsp;Gi\u00fap c\u00e2n b\u1eb1ng tr\u01b0\u1eddng kh\u00ed, thu h\u00fat may m\u1eafn v\u00e0 h\u00f3a gi\u1ea3i v\u1eadn xui.<\/p>\n\n\n\n<p>+ &nbsp;<strong>Th\u1ec3 hi\u1ec7n c\u00e1 t\u00ednh ri\u00eang bi\u1ec7t:&nbsp;<\/strong>M\u1ed7i chi\u1ebfc v\u00f2ng Handmade \u0111\u1ec1u \u0111\u1ed9c nh\u1ea5t, kh\u00f4ng tr\u00f9ng l\u1eb7p.<\/p>\n\n\n\n<p>+ &nbsp;<strong>M\u00f3n qu\u00e0 \u00fd ngh\u0129a:<\/strong>&nbsp;Ph\u00f9 h\u1ee3p l\u00e0m qu\u00e0 t\u1eb7ng sinh nh\u1eadt, khai tr\u01b0\u01a1ng, l\u1ec5 T\u1ebft\u2026<\/p>\n\n\n\n<p><strong>3.&nbsp;&nbsp;&nbsp;<\/strong><strong>C\u00e1ch ch\u1ecdn v\u00f2ng tay Handmade ph\u00f9 h\u1ee3p v\u1edbi m\u1ec7nh<\/strong><\/p>\n\n\n\n<p>* M\u1ec7nh Kim:<\/p>\n\n\n\n<figure class=\"wp-block-image aligncenter size-full\"><img fetchpriority=\"high\" decoding=\"async\" width=\"256\" height=\"320\" src=\"https:\/\/thuchanhseo.com\/wp-content\/uploads\/2025\/06\/z6624805927808_10f27f21bb26147a8584d933e10f8c9b.jpg\" alt=\"\" class=\"wp-image-702\" srcset=\"https:\/\/thuchanhseo.com\/wp-content\/uploads\/2025\/06\/z6624805927808_10f27f21bb26147a8584d933e10f8c9b.jpg 256w, https:\/\/thuchanhseo.com\/wp-content\/uploads\/2025\/06\/z6624805927808_10f27f21bb26147a8584d933e10f8c9b-240x300.jpg 240w\" sizes=\"(max-width: 256px) 100vw, 256px\" \/><\/figure>\n\n\n\n<p>\u00b7&nbsp;&nbsp;&nbsp;&nbsp;&nbsp;&nbsp;&nbsp;M\u00e0u h\u1ee3p: Tr\u1eafng, x\u00e1m, \u00e1nh kim, v\u00e0ng nh\u1ea1t.<\/p>\n\n\n\n<p>\u00b7&nbsp;&nbsp;&nbsp;&nbsp;&nbsp;&nbsp;&nbsp;Ch\u1ea5t li\u1ec7u n\u00ean ch\u1ecdn: \u0110\u00e1 th\u1ea1ch anh tr\u1eafng, \u0111\u00e1 m\u1eb7t tr\u1eddi, \u0111\u00e1 m\u1eaft h\u1ed5 v\u00e0ng.<\/p>\n\n\n\n<p>\u00b7&nbsp;&nbsp;&nbsp;&nbsp;&nbsp;&nbsp;&nbsp;Kh\u00f4ng n\u00ean d\u00f9ng: M\u00e0u \u0111\u1ecf, h\u1ed3ng ( thu\u1ed9c H\u1ecfa, kh\u00e1c Kim)<\/p>\n\n\n\n<p>\u00b7\u00a0\u00a0\u00a0\u00a0\u00a0\u00a0\u00a0G\u1ee3i \u00fd m\u00e0u: V\u00f2ng tay Handmade \u0111\u00e1 th\u1ea1ch anh tr\u1eafng k\u1ebft h\u1ee3p ch\u00e0m b\u1ea1c ph\u00f9 h\u1ee3p v\u1edbi <a href=\"https:\/\/soluna.com.vn\/product-category\/thoi-trang-nam\/\"><strong>th\u1eddi trang nam<\/strong><\/a>.<\/p>\n\n\n\n<p>*M\u1ec7nh M\u1ed9c:<\/p>\n\n\n\n<figure class=\"wp-block-image aligncenter size-full\"><img decoding=\"async\" width=\"256\" height=\"320\" src=\"https:\/\/thuchanhseo.com\/wp-content\/uploads\/2025\/06\/z6624805930123_33a26490e429bd2053c99575976f3248.jpg\" alt=\"\" class=\"wp-image-703\" srcset=\"https:\/\/thuchanhseo.com\/wp-content\/uploads\/2025\/06\/z6624805930123_33a26490e429bd2053c99575976f3248.jpg 256w, https:\/\/thuchanhseo.com\/wp-content\/uploads\/2025\/06\/z6624805930123_33a26490e429bd2053c99575976f3248-240x300.jpg 240w\" sizes=\"(max-width: 256px) 100vw, 256px\" \/><\/figure>\n\n\n\n<p>\u00b7&nbsp;&nbsp;&nbsp;&nbsp;&nbsp;&nbsp;&nbsp;M\u00e0u h\u1ee3p: Xanh l\u00e1, \u0111en, xanh d\u01b0\u01a1ng<\/p>\n\n\n\n<p>\u00b7&nbsp;&nbsp;&nbsp;&nbsp;&nbsp;&nbsp;&nbsp;Ch\u1ea5t li\u1ec7u n\u00ean ch\u1ecdn: \u0110\u00e1 aquamarine, \u0111\u00e1 aventurine, g\u1ed7 t\u1ef1 nhi\u00ean.<\/p>\n\n\n\n<p>\u00b7&nbsp;&nbsp;&nbsp;&nbsp;&nbsp;&nbsp;&nbsp;Kh\u00f4ng n\u00ean d\u00f9ng: M\u00e0u tr\u1eafng, v\u00e0ng \u00e1nh kim (thu\u1ed9c Kim, kh\u1eafc M\u1ed9c)<\/p>\n\n\n\n<p>*M\u1ec7nh Th\u1ee7y:<\/p>\n\n\n\n<figure class=\"wp-block-image aligncenter size-full\"><img loading=\"lazy\" decoding=\"async\" width=\"256\" height=\"320\" src=\"https:\/\/thuchanhseo.com\/wp-content\/uploads\/2025\/06\/z6624805936544_38c643a24333af94ae0f12a20bdc0cd3.jpg\" alt=\"\" class=\"wp-image-706\" srcset=\"https:\/\/thuchanhseo.com\/wp-content\/uploads\/2025\/06\/z6624805936544_38c643a24333af94ae0f12a20bdc0cd3.jpg 256w, https:\/\/thuchanhseo.com\/wp-content\/uploads\/2025\/06\/z6624805936544_38c643a24333af94ae0f12a20bdc0cd3-240x300.jpg 240w\" sizes=\"(max-width: 256px) 100vw, 256px\" \/><\/figure>\n\n\n\n<p>\u00b7&nbsp;&nbsp;&nbsp;&nbsp;&nbsp;&nbsp;&nbsp;M\u00e0u h\u1ee3p: \u0110en, xanh n\u01b0\u1edbc bi\u1ec3n, tr\u1eafng.<\/p>\n\n\n\n<p>\u00b7&nbsp;&nbsp;&nbsp;&nbsp;&nbsp;&nbsp;&nbsp;Ch\u1ea5t li\u1ec7u n\u00ean ch\u1ecdn: \u0110\u00e1 obsidian, \u0111\u00e1 topaz xanh, charm b\u1ea1c.<\/p>\n\n\n\n<p>\u00b7&nbsp;&nbsp;&nbsp;&nbsp;&nbsp;&nbsp;&nbsp;Kh\u00f4ng n\u00ean d\u00f9ng: V\u00e0ng \u0111\u1ea5t, n\u00e2u (Th\u1ed5 kh\u1eafc Th\u1ee7y)<\/p>\n\n\n\n<p>*M\u1ec7nh H\u1ecfa:<\/p>\n\n\n\n<figure class=\"wp-block-image aligncenter size-full\"><img loading=\"lazy\" decoding=\"async\" width=\"256\" height=\"320\" src=\"https:\/\/thuchanhseo.com\/wp-content\/uploads\/2025\/06\/z6624805933911_2f739063503352a7f7d3b8677a59ff7d.jpg\" alt=\"\" class=\"wp-image-708\" srcset=\"https:\/\/thuchanhseo.com\/wp-content\/uploads\/2025\/06\/z6624805933911_2f739063503352a7f7d3b8677a59ff7d.jpg 256w, https:\/\/thuchanhseo.com\/wp-content\/uploads\/2025\/06\/z6624805933911_2f739063503352a7f7d3b8677a59ff7d-240x300.jpg 240w\" sizes=\"(max-width: 256px) 100vw, 256px\" \/><\/figure>\n\n\n\n<p>\u00b7&nbsp;&nbsp;&nbsp;&nbsp;&nbsp;&nbsp;&nbsp;M\u00e0u h\u1ee3p: \u0110\u1ecf, h\u1ed3ng, cam, t\u00edm<\/p>\n\n\n\n<p>\u00b7&nbsp;&nbsp;&nbsp;&nbsp;&nbsp;&nbsp;&nbsp;Ch\u1ea5t li\u1ec7u n\u00ean ch\u1ecdn: \u0110\u00e1 garnet, ruby, th\u1ea1ch anh h\u1ed3ng<\/p>\n\n\n\n<p>\u00b7&nbsp;&nbsp;&nbsp;&nbsp;&nbsp;&nbsp;&nbsp;Kh\u00f4ng n\u00ean d\u00f9ng: \u0110en, xanh n\u01b0\u1edbc bi\u1ec3n (Th\u1ee7y kh\u1eafc H\u1ecfa)<\/p>\n\n\n\n<p>*M\u1ec7nh Th\u1ed5:<\/p>\n\n\n\n<figure class=\"wp-block-image aligncenter size-full\"><img loading=\"lazy\" decoding=\"async\" width=\"256\" height=\"320\" src=\"https:\/\/thuchanhseo.com\/wp-content\/uploads\/2025\/06\/z6624805927089_30a2383ad4e1b116c82017ca1a4c519b.jpg\" alt=\"\" class=\"wp-image-711\" srcset=\"https:\/\/thuchanhseo.com\/wp-content\/uploads\/2025\/06\/z6624805927089_30a2383ad4e1b116c82017ca1a4c519b.jpg 256w, https:\/\/thuchanhseo.com\/wp-content\/uploads\/2025\/06\/z6624805927089_30a2383ad4e1b116c82017ca1a4c519b-240x300.jpg 240w\" sizes=\"(max-width: 256px) 100vw, 256px\" \/><\/figure>\n\n\n\n<p>\u00b7&nbsp;&nbsp;&nbsp;&nbsp;&nbsp;&nbsp;&nbsp;M\u00e0u h\u1ee3p: V\u00e0ng, n\u00e2u \u0111\u1ea5t, \u0111\u1ecf, h\u1ed3ng<\/p>\n\n\n\n<p><font style=\"vertical-align: inherit;\"><font style=\"vertical-align: inherit;\">\u00b7&nbsp;Ch\u1ea5t li\u1ec7u n\u00ean ch\u1ecdn <\/font><\/font><strong><font style=\"vertical-align: inherit;\"><font style=\"vertical-align: inherit;\">:<\/font><\/font><\/strong><font style=\"vertical-align: inherit;\"><font style=\"vertical-align: inherit;\"> &nbsp;\u0110\u00e1 m\u1eaft h\u1ed5 n\u00e2u, \u0111\u00e1 m\u00e3 n\u00e3o v\u00e0ng, \u0111\u00e1 h\u1ed5 ph\u00e1ch.<\/font><\/font><\/p>\n\n\n\n<p>\u00b7&nbsp;&nbsp;&nbsp;&nbsp;&nbsp;&nbsp;&nbsp;Kh\u00f4ng n\u00ean d\u00f9ng: Xanh l\u00e1 (M\u1ed9c kh\u1eafc Th\u1ed5)<\/p>\n\n\n\n<p><strong>4.&nbsp;&nbsp;&nbsp;<\/strong><strong>L\u01b0u \u00fd khi mua v\u00f2ng tay Handmade theo M\u1ec7nh<\/strong><\/p>\n\n\n\n<p>&#8211; L\u1ef1a ch\u1ecdn \u0111\u1ecba ch\u1ec9 uy t\u00edn, \u0111\u1ea3m b\u1ea3o ch\u1ea5t li\u1ec7u \u0111\u00e1 t\u1ef1 nhi\u00ean 100%.<\/p>\n\n\n\n<p>&#8211; K\u1ebft h\u1ee3p k\u00edch th\u01b0\u1edbc, ki\u1ec3u d\u00e1ng ph\u00f9 h\u1ee3p v\u1edbi c\u1ed5 tay \u0111\u1ec3 t\u1ea1o s\u1ef1 h\u00e0i h\u00f2a.<\/p>\n\n\n\n<p>&#8211; C\u00f3 th\u1ec3 y\u00eau c\u1ea7u thi\u1ebft k\u1ebf ri\u00eang \u0111\u1ec3 t\u1ea1o v\u00f2ng tay &#8220;\u0111\u1ed9c quy\u1ec1n&#8221; theo m\u1ec7nh v\u00e0 s\u1edf th\u00edch c\u00e1 nh\u00e2n.<\/p>\n\n\n\n<p><strong>5.&nbsp;&nbsp;&nbsp;<\/strong><strong>Mua v\u00f2ng vay Handmade theo M\u1ec7nh \u1edf \u0111\u00e2u uy t\u00edn?<\/strong><\/p>\n\n\n\n<p><font style=\"vertical-align: inherit;\"><font style=\"vertical-align: inherit;\">&nbsp;&nbsp;&nbsp;&nbsp;&nbsp;&nbsp;&nbsp;&nbsp;&nbsp;&nbsp;&nbsp;&nbsp;B\u1ea1n c\u00f3 th\u1ec3 tham kh\u1ea3o c\u00e1c c\u1eeda h\u00e0ng phong th\u1ee7y, c\u00e1c x\u01b0\u1edfng \u0111\u1eb7t v\u00f2ng Handmade uy t\u00edn ho\u1eb7c \u0111\u1eb7t h\u00e0ng tr\u1ef1c tuy\u1ebfn t\u1ea1i c\u00e1c trang web chuy\u00ean v\u1ec1 ph\u1ee5 ki\u1ec7n th\u1ee7 c\u00f4ng phong th\u1ee7y. \u0110\u1eebng qu\u00ean ki\u1ec3m tra \u0111\u00e1nh gi\u00e1 kh\u00e1ch h\u00e0ng v\u00e0 ch\u00ednh s\u00e1ch b\u1ea3o h\u00e0nh s\u1ea3n ph\u1ea9m tr\u01b0\u1edbc khi mua.<\/font><\/font><\/p>\n\n\n\n<p><strong>6.&nbsp;&nbsp;&nbsp;<\/strong><strong>K\u1ebft lu\u1eadn<\/strong><\/p>\n\n\n\n<p><strong><font style=\"vertical-align: inherit;\"><font style=\"vertical-align: inherit;\">\u00a0\u00a0\u00a0\u00a0\u00a0\u00a0\u00a0\u00a0\u00a0\u00a0\u00a0\u00a0V\u00f2ng tay Handmade theo m\u1ec7nh<\/font><\/font><\/strong><font style=\"vertical-align: inherit;\"><font style=\"vertical-align: inherit;\"> \u00a0kh\u00f4ng ch\u1ec9 \u0111\u01a1n thu\u1ea7n l\u00e0 m\u00f3n ph\u1ee5 ki\u1ec7n th\u1eddi trang m\u00e0 c\u00f2n mang \u00fd ngh\u0129a phong th\u1ee7y s\u00e2u s\u1eafc. Nh\u1eabn ch\u1ecdn \u0111\u00fang nh\u1eabn ph\u00f9 h\u1ee3p v\u1edbi b\u1ea3n m\u1ec7nh s\u1ebd gi\u00fap b\u1ea1n c\u00e2n b\u1eb1ng n\u0103ng l\u01b0\u1ee3ng, thu h\u00fat may m\u1eafn v\u00e0 th\u1ec3 hi\u1ec7n phong ri\u00eang. H\u00e3y ch\u1ecdn cho m\u00ecnh (ho\u1eb7c ng\u01b0\u1eddi th\u00e2n y\u00eau) m\u1ed9t chi\u1ebfc v\u00f2ng tay ph\u00f9 h\u1ee3p \u0111\u1ec3 \u0111\u1ed3ng h\u00e0nh tr\u00ean h\u00e0nh tr\u00ecnh cu\u1ed9c s\u1ed1ng an l\u00e0nh v\u00e0 th\u1ecbnh v\u01b0\u1ee3ng!<\/font><\/font> <\/p>\n\n\n\n<p><\/p>\n\n\n\n<p><\/p>\n","protected":false},"excerpt":{"rendered":"<p>V\u00f2ng tay Handmade theo m\u1ec7nh \u2013Ph\u1ee5 ki\u1ec7n phong th\u1ee7y c\u00e1 t\u00ednh v\u00e0 may m\u1eafn. Kh\u00e1m ph\u00e1 c\u00e1c m\u1eabu v\u00f2ng tay Handmade ph\u00f9 h\u1ee3p v\u1edbi t\u1eebng m\u1ec7nh: Kim, M\u1ed9c, Th\u1ee7y, H\u1ecfa, Th\u1ed5 \u2013Gi\u00fap t\u0103ng may m\u1eafn, b\u00ecnh \u0103n v\u00e0 t\u00e0i l\u1ed9c trong cu\u1ed9c s\u1ed1ng. H\u01b0\u1edbng d\u1eabn ch\u1ecdn v\u00f2ng theo ng\u0169 h\u00e0nh chu\u1ea9n nh\u1ea5t! 1.&nbsp;&nbsp;&nbsp;V\u00f2ng tay Handmade [&hellip;]<\/p>\n","protected":false},"author":8,"featured_media":0,"parent":0,"menu_order":0,"comment_status":"closed","ping_status":"closed","template":"","meta":{"footnotes":""},"class_list":["post-622","page","type-page","status-publish","hentry"],"yoast_head":"<!-- This site is optimized with the Yoast SEO plugin v25.1 - https:\/\/yoast.com\/wordpress\/plugins\/seo\/ -->\n<title>C\u00e1ch ch\u1ecdn v\u00f2ng tay Handmade theo m\u1ec7nh - Th\u1ef1c h\u00e0nh SEO<\/title>\n<meta name=\"robots\" content=\"index, follow, max-snippet:-1, max-image-preview:large, max-video-preview:-1\" \/>\n<link rel=\"canonical\" href=\"https:\/\/thuchanhseo.com\/?page_id=622\" \/>\n<meta property=\"og:locale\" content=\"en_US\" \/>\n<meta property=\"og:type\" content=\"article\" \/>\n<meta property=\"og:title\" content=\"C\u00e1ch ch\u1ecdn v\u00f2ng tay Handmade theo m\u1ec7nh - Th\u1ef1c h\u00e0nh SEO\" \/>\n<meta property=\"og:description\" content=\"V\u00f2ng tay Handmade theo m\u1ec7nh \u2013Ph\u1ee5 ki\u1ec7n phong th\u1ee7y c\u00e1 t\u00ednh v\u00e0 may m\u1eafn. Kh\u00e1m ph\u00e1 c\u00e1c m\u1eabu v\u00f2ng tay Handmade ph\u00f9 h\u1ee3p v\u1edbi t\u1eebng m\u1ec7nh: Kim, M\u1ed9c, Th\u1ee7y, H\u1ecfa, Th\u1ed5 \u2013Gi\u00fap t\u0103ng may m\u1eafn, b\u00ecnh \u0103n v\u00e0 t\u00e0i l\u1ed9c trong cu\u1ed9c s\u1ed1ng. H\u01b0\u1edbng d\u1eabn ch\u1ecdn v\u00f2ng theo ng\u0169 h\u00e0nh chu\u1ea9n nh\u1ea5t! 1.&nbsp;&nbsp;&nbsp;V\u00f2ng tay Handmade [&hellip;]\" \/>\n<meta property=\"og:url\" content=\"https:\/\/thuchanhseo.com\/?page_id=622\" \/>\n<meta property=\"og:site_name\" content=\"Th\u1ef1c h\u00e0nh SEO\" \/>\n<meta property=\"article:modified_time\" content=\"2025-08-20T15:20:12+00:00\" \/>\n<meta property=\"og:image\" content=\"https:\/\/thuchanhseo.com\/wp-content\/uploads\/2025\/06\/z6605096610392_9a8021ce2b82ce4ffdb4dbfd289870a9.jpg\" \/>\n\t<meta property=\"og:image:width\" content=\"159\" \/>\n\t<meta property=\"og:image:height\" content=\"282\" \/>\n\t<meta property=\"og:image:type\" content=\"image\/jpeg\" \/>\n<meta name=\"twitter:card\" content=\"summary_large_image\" \/>\n<meta name=\"twitter:label1\" content=\"Est. reading time\" \/>\n\t<meta name=\"twitter:data1\" content=\"4 minutes\" \/>\n<script type=\"application\/ld+json\" class=\"yoast-schema-graph\">{\"@context\":\"https:\/\/schema.org\",\"@graph\":[{\"@type\":\"WebPage\",\"@id\":\"https:\/\/thuchanhseo.com\/?page_id=622\",\"url\":\"https:\/\/thuchanhseo.com\/?page_id=622\",\"name\":\"C\u00e1ch ch\u1ecdn v\u00f2ng tay Handmade theo m\u1ec7nh - Th\u1ef1c h\u00e0nh SEO\",\"isPartOf\":{\"@id\":\"https:\/\/thuchanhseo.com\/#website\"},\"primaryImageOfPage\":{\"@id\":\"https:\/\/thuchanhseo.com\/?page_id=622#primaryimage\"},\"image\":{\"@id\":\"https:\/\/thuchanhseo.com\/?page_id=622#primaryimage\"},\"thumbnailUrl\":\"https:\/\/thuchanhseo.com\/wp-content\/uploads\/2025\/06\/z6605096610392_9a8021ce2b82ce4ffdb4dbfd289870a9.jpg\",\"datePublished\":\"2025-06-02T05:19:37+00:00\",\"dateModified\":\"2025-08-20T15:20:12+00:00\",\"breadcrumb\":{\"@id\":\"https:\/\/thuchanhseo.com\/?page_id=622#breadcrumb\"},\"inLanguage\":\"en-US\",\"potentialAction\":[{\"@type\":\"ReadAction\",\"target\":[\"https:\/\/thuchanhseo.com\/?page_id=622\"]}]},{\"@type\":\"ImageObject\",\"inLanguage\":\"en-US\",\"@id\":\"https:\/\/thuchanhseo.com\/?page_id=622#primaryimage\",\"url\":\"https:\/\/thuchanhseo.com\/wp-content\/uploads\/2025\/06\/z6605096610392_9a8021ce2b82ce4ffdb4dbfd289870a9.jpg\",\"contentUrl\":\"https:\/\/thuchanhseo.com\/wp-content\/uploads\/2025\/06\/z6605096610392_9a8021ce2b82ce4ffdb4dbfd289870a9.jpg\",\"width\":159,\"height\":282},{\"@type\":\"BreadcrumbList\",\"@id\":\"https:\/\/thuchanhseo.com\/?page_id=622#breadcrumb\",\"itemListElement\":[{\"@type\":\"ListItem\",\"position\":1,\"name\":\"Home\",\"item\":\"https:\/\/thuchanhseo.com\/\"},{\"@type\":\"ListItem\",\"position\":2,\"name\":\"C\u00e1ch ch\u1ecdn v\u00f2ng tay Handmade theo m\u1ec7nh\"}]},{\"@type\":\"WebSite\",\"@id\":\"https:\/\/thuchanhseo.com\/#website\",\"url\":\"https:\/\/thuchanhseo.com\/\",\"name\":\"Th\u1ef1c h\u00e0nh SEO\",\"description\":\"\",\"potentialAction\":[{\"@type\":\"SearchAction\",\"target\":{\"@type\":\"EntryPoint\",\"urlTemplate\":\"https:\/\/thuchanhseo.com\/?s={search_term_string}\"},\"query-input\":{\"@type\":\"PropertyValueSpecification\",\"valueRequired\":true,\"valueName\":\"search_term_string\"}}],\"inLanguage\":\"en-US\"}]}<\/script>\n<!-- \/ Yoast SEO plugin. -->","yoast_head_json":{"title":"C\u00e1ch ch\u1ecdn v\u00f2ng tay Handmade theo m\u1ec7nh - Th\u1ef1c h\u00e0nh SEO","robots":{"index":"index","follow":"follow","max-snippet":"max-snippet:-1","max-image-preview":"max-image-preview:large","max-video-preview":"max-video-preview:-1"},"canonical":"https:\/\/thuchanhseo.com\/?page_id=622","og_locale":"en_US","og_type":"article","og_title":"C\u00e1ch ch\u1ecdn v\u00f2ng tay Handmade theo m\u1ec7nh - Th\u1ef1c h\u00e0nh SEO","og_description":"V\u00f2ng tay Handmade theo m\u1ec7nh \u2013Ph\u1ee5 ki\u1ec7n phong th\u1ee7y c\u00e1 t\u00ednh v\u00e0 may m\u1eafn. Kh\u00e1m ph\u00e1 c\u00e1c m\u1eabu v\u00f2ng tay Handmade ph\u00f9 h\u1ee3p v\u1edbi t\u1eebng m\u1ec7nh: Kim, M\u1ed9c, Th\u1ee7y, H\u1ecfa, Th\u1ed5 \u2013Gi\u00fap t\u0103ng may m\u1eafn, b\u00ecnh \u0103n v\u00e0 t\u00e0i l\u1ed9c trong cu\u1ed9c s\u1ed1ng. H\u01b0\u1edbng d\u1eabn ch\u1ecdn v\u00f2ng theo ng\u0169 h\u00e0nh chu\u1ea9n nh\u1ea5t! 1.&nbsp;&nbsp;&nbsp;V\u00f2ng tay Handmade [&hellip;]","og_url":"https:\/\/thuchanhseo.com\/?page_id=622","og_site_name":"Th\u1ef1c h\u00e0nh SEO","article_modified_time":"2025-08-20T15:20:12+00:00","og_image":[{"width":159,"height":282,"url":"https:\/\/thuchanhseo.com\/wp-content\/uploads\/2025\/06\/z6605096610392_9a8021ce2b82ce4ffdb4dbfd289870a9.jpg","type":"image\/jpeg"}],"twitter_card":"summary_large_image","twitter_misc":{"Est. reading time":"4 minutes"},"schema":{"@context":"https:\/\/schema.org","@graph":[{"@type":"WebPage","@id":"https:\/\/thuchanhseo.com\/?page_id=622","url":"https:\/\/thuchanhseo.com\/?page_id=622","name":"C\u00e1ch ch\u1ecdn v\u00f2ng tay Handmade theo m\u1ec7nh - Th\u1ef1c h\u00e0nh SEO","isPartOf":{"@id":"https:\/\/thuchanhseo.com\/#website"},"primaryImageOfPage":{"@id":"https:\/\/thuchanhseo.com\/?page_id=622#primaryimage"},"image":{"@id":"https:\/\/thuchanhseo.com\/?page_id=622#primaryimage"},"thumbnailUrl":"https:\/\/thuchanhseo.com\/wp-content\/uploads\/2025\/06\/z6605096610392_9a8021ce2b82ce4ffdb4dbfd289870a9.jpg","datePublished":"2025-06-02T05:19:37+00:00","dateModified":"2025-08-20T15:20:12+00:00","breadcrumb":{"@id":"https:\/\/thuchanhseo.com\/?page_id=622#breadcrumb"},"inLanguage":"en-US","potentialAction":[{"@type":"ReadAction","target":["https:\/\/thuchanhseo.com\/?page_id=622"]}]},{"@type":"ImageObject","inLanguage":"en-US","@id":"https:\/\/thuchanhseo.com\/?page_id=622#primaryimage","url":"https:\/\/thuchanhseo.com\/wp-content\/uploads\/2025\/06\/z6605096610392_9a8021ce2b82ce4ffdb4dbfd289870a9.jpg","contentUrl":"https:\/\/thuchanhseo.com\/wp-content\/uploads\/2025\/06\/z6605096610392_9a8021ce2b82ce4ffdb4dbfd289870a9.jpg","width":159,"height":282},{"@type":"BreadcrumbList","@id":"https:\/\/thuchanhseo.com\/?page_id=622#breadcrumb","itemListElement":[{"@type":"ListItem","position":1,"name":"Home","item":"https:\/\/thuchanhseo.com\/"},{"@type":"ListItem","position":2,"name":"C\u00e1ch ch\u1ecdn v\u00f2ng tay Handmade theo m\u1ec7nh"}]},{"@type":"WebSite","@id":"https:\/\/thuchanhseo.com\/#website","url":"https:\/\/thuchanhseo.com\/","name":"Th\u1ef1c h\u00e0nh SEO","description":"","potentialAction":[{"@type":"SearchAction","target":{"@type":"EntryPoint","urlTemplate":"https:\/\/thuchanhseo.com\/?s={search_term_string}"},"query-input":{"@type":"PropertyValueSpecification","valueRequired":true,"valueName":"search_term_string"}}],"inLanguage":"en-US"}]}},"_links":{"self":[{"href":"https:\/\/thuchanhseo.com\/index.php?rest_route=\/wp\/v2\/pages\/622","targetHints":{"allow":["GET"]}}],"collection":[{"href":"https:\/\/thuchanhseo.com\/index.php?rest_route=\/wp\/v2\/pages"}],"about":[{"href":"https:\/\/thuchanhseo.com\/index.php?rest_route=\/wp\/v2\/types\/page"}],"author":[{"embeddable":true,"href":"https:\/\/thuchanhseo.com\/index.php?rest_route=\/wp\/v2\/users\/8"}],"replies":[{"embeddable":true,"href":"https:\/\/thuchanhseo.com\/index.php?rest_route=%2Fwp%2Fv2%2Fcomments&post=622"}],"version-history":[{"count":3,"href":"https:\/\/thuchanhseo.com\/index.php?rest_route=\/wp\/v2\/pages\/622\/revisions"}],"predecessor-version":[{"id":2754,"href":"https:\/\/thuchanhseo.com\/index.php?rest_route=\/wp\/v2\/pages\/622\/revisions\/2754"}],"wp:attachment":[{"href":"https:\/\/thuchanhseo.com\/index.php?rest_route=%2Fwp%2Fv2%2Fmedia&parent=622"}],"curies":[{"name":"wp","href":"https:\/\/api.w.org\/{rel}","templated":true}]}}