{"id":351,"date":"2025-05-26T10:22:08","date_gmt":"2025-05-26T10:22:08","guid":{"rendered":"https:\/\/thuchanhseo.com\/?page_id=351"},"modified":"2025-05-26T10:22:09","modified_gmt":"2025-05-26T10:22:09","slug":"mot-so-mau-ao-so-mi-nu-cong-so-khong-the-thieu-trong-tu-do-cua-ban","status":"publish","type":"page","link":"https:\/\/thuchanhseo.com\/?page_id=351","title":{"rendered":"M\u1ed9t s\u1ed1 m\u1eabu \u00e1o s\u01a1 mi n\u1eef c\u00f4ng s\u1edf kh\u00f4ng th\u1ec3 thi\u1ebfu trong t\u1ee7 \u0111\u1ed3 c\u1ee7a b\u1ea1n."},"content":{"rendered":"\n<p>Trong m\u00f4i tr\u01b0\u1eddng c\u00f4ng s\u1edf hi\u1ec7n \u0111\u1ea1i, m\u1ed9t chi\u1ebfc \u00e1o s\u01a1 mi n\u1eef \u0111\u1eb9p, thanh l\u1ecbch v\u00e0 d\u1ec5 ph\u1ed1i \u0111\u1ed3 kh\u00f4ng ch\u1ec9 l\u00e0 trang ph\u1ee5c, m\u00e0 c\u00f2n l\u00e0 c\u00f4ng c\u1ee5 gi\u00fap ph\u00e1i \u0111\u1eb9p th\u1ec3 hi\u1ec7n phong c\u00e1ch, s\u1ef1 chuy\u00ean nghi\u1ec7p v\u00e0 c\u00e1 t\u00ednh ri\u00eang. D\u01b0\u1edbi \u0111\u00e2y l\u00e0 nh\u1eefng m\u1eabu \u00e1o s\u01a1 mi n\u1eef c\u00f4ng s\u1edf kh\u00f4ng th\u1ec3 thi\u1ebfu trong t\u1ee7 \u0111\u1ed3 c\u1ee7a b\u1ea5t k\u1ef3 c\u00f4 n\u00e0ng n\u00e0o y\u00eau th\u1eddi trang.<\/p>\n\n\n\n<h1 class=\"wp-block-heading\"><strong>1. \u00c1o s\u01a1 mi tr\u1eafng c\u1ed5 \u0111i\u1ec3n&nbsp;<\/strong><\/h1>\n\n\n\n<h2 class=\"wp-block-heading\">\u00c1o s\u01a1 mi tr\u1eafng c\u1ed5 \u0111i\u1ec3n l\u00e0 m\u00f3n \u0111\u1ed3 kinh \u0111i\u1ec3n, d\u1ec5 ph\u1ed1i, \u0111\u01a1n gi\u1ea3n. M\u00e0u tr\u1eafng tinh kh\u00f4i gi\u00fap t\u00f4n da, d\u1ec5 k\u1ebft h\u1ee3p v\u1edbi m\u1ecdi lo\u1ea1i ch\u00e2n v\u00e1y hay qu\u1ea7n t\u00e2y. N\u00f3 ph\u00f9 h\u1ee3p trong m\u1ecdi s\u1ef1 ki\u1ec7n nh\u01b0 \u0111i l\u00e0m, h\u1ecdp h\u00e0nh hay g\u1eb7p \u0111\u1ed1i t\u00e1c. B\u1ea1n c\u0169ng c\u00f3 th\u1ec3 ch\u1ecdn ki\u1ec3u c\u1ed5 \u0110\u1ee9c truy\u1ec1n th\u1ed1ng ho\u1eb7c c\u1ed5 tr\u1ee5 \u0111\u1ec3 t\u1ea1o \u0111i\u1ec3m nh\u1ea5n.<\/h2>\n\n\n\n<p>Ch\u1ea5t li\u1ec7u s\u01a1 mi l\u00e0 \u0111i\u1ec1u r\u1ea5t quan tr\u1ecdng, th\u00f4ng th\u01b0\u1eddng l\u00e0 d\u1ea1ng cotton tho\u00e1ng m\u00e1t, th\u1ea5m h\u00fat t\u1ed1t, d\u1ec5 b\u1ea3o qu\u1ea3n. Ch\u1ea5t l\u1ee5a v\u00e0 satin mang l\u1ea1i s\u1ef1 sang tr\u1ecdng, m\u1ec1m m\u1ea1i nh\u01b0ng c\u1ea7n \u0111\u01b0\u1ee3c ch\u0103m s\u00f3c c\u1ea9n th\u1eadn. Voan nh\u1eb9 nh\u00e0ng ph\u00f9 h\u1ee3p v\u1edbi phong c\u00e1ch d\u1ecbu d\u00e0ng, n\u1eef t\u00ednh.<\/p>\n\n\n\n<h2 class=\"wp-block-heading\"><img fetchpriority=\"high\" decoding=\"async\" src=\"https:\/\/lh7-rt.googleusercontent.com\/docsz\/AD_4nXftLEO1u2Pllo-CR5gBmBqcDBWLoxjlL-pC11A1E2I6Tmry7ufXk6KxC8ilpgMER0tgKIvjgYfvKbDGRQ_yetcLI4clVJMq5LS7qOxm_AfkLAHW0e0jqlxRco3JKHXfrlmmacpIxw?key=Ox5mmqM00Ca31zkr1iSoHw\" width=\"490\" height=\"626\"><\/h2>\n\n\n\n<p><em>S\u01a1 mi cotton tho\u00e1ng m\u00e1t, th\u1ea5m h\u00fat t\u1ed1t, d\u1ec5 b\u1ea3o qu\u1ea3n.<\/em><\/p>\n\n\n\n<h2 class=\"wp-block-heading\"><img decoding=\"async\" src=\"https:\/\/lh7-rt.googleusercontent.com\/docsz\/AD_4nXdanyFPwu7M3frPQmP27huJpZZ4c9WxfRcSRF1R9dMBs3ohCIylkaaiykClBF8vLdgWJkMDkhWHJ5IEVQwpHOk_P3PRD7u6tMdSXGdEmtgwrv6o07w0t2_hJ_-CnLFpe8FEVnCM?key=Ox5mmqM00Ca31zkr1iSoHw\" width=\"602\" height=\"679\"><\/h2>\n\n\n\n<p><em>S\u01a1 mi satin sang tr\u1ecdng, m\u1ec1m m\u1ea1i.<\/em><\/p>\n\n\n\n<h2 class=\"wp-block-heading\"><img decoding=\"async\" src=\"https:\/\/lh7-rt.googleusercontent.com\/docsz\/AD_4nXfFn8B75XwktZ4-wrvE5h7MPO2HgoxKMmGkB7JUZ4SDMuEVAAHoXAw0nUhO7xRUtOc64hgoEhcublavww9gExHaOr8nTVfUH-l4z_mCD3iGkKBqIy60R_dN042JVZd6z5yp2CMOtg?key=Ox5mmqM00Ca31zkr1iSoHw\" width=\"602\" height=\"603\"><br><em>S\u01a1 mi voan nh\u1eb9 nh\u00e0ng, n\u1eef t\u00ednh.<\/em><\/h2>\n\n\n\n<p>D\u00f9 \u1edf ch\u1ea5t li\u1ec7u n\u00e0o th\u00ec m\u1ed9t chi\u1ebfc \u00e1o s\u01a1 mi n\u1eef tr\u1eafng c\u1ed5 \u0111i\u1ec3n v\u1eabn lu\u00f4n l\u00e0 l\u1ef1a ch\u1ecdn t\u1ed1i \u01b0u cho t\u1ee7 \u0111\u1ed3 c\u1ee7a b\u1ea1n. N\u00f3 c\u00f3 th\u1ec3 bi\u1ebfn h\u00f3a linh ho\u1ea1t, ph\u00f9 h\u1ee3p trong m\u1ecdi ho\u00e0n c\u1ea3nh kh\u00e1c nhau. B\u1ea1n c\u00f3 th\u1ec3 ph\u1ed1i c\u00f9ng v\u1edbi qu\u1ea7n \u00e2u, ch\u00e2n v\u00e1y hay th\u00eam c\u00e1c ph\u1ee5 ki\u1ec7n kh\u00e1c \u0111i k\u00e8m.<\/p>\n\n\n\n<h1 class=\"wp-block-heading\"><strong>2. \u00c1o s\u01a1 mi tay l\u1ee1&nbsp;<\/strong><\/h1>\n\n\n\n<h2 class=\"wp-block-heading\">B\u00ean c\u1ea1nh nh\u1eefng m\u1eabu s\u01a1 mi truy\u1ec1n th\u1ed1ng, s\u01a1 mi tay l\u1ee1 l\u00e0 m\u1ed9t trong nh\u1eefng ki\u1ec3u \u00e1o r\u1ea5t d\u1ec5 m\u1eb7c v\u00e0 ph\u1ed1i \u0111\u1ed3 gi\u00fap ph\u00e1i n\u1eef c\u00f3 th\u1ec3 thay \u0111\u1ed5i linh ho\u1ea1t trang ph\u1ee5c c\u00f4ng s\u1edf m\u1ed7i ng\u00e0y. V\u1edbi ki\u1ec3u d\u00e1ng th\u1eddi trang, ch\u1ea5t li\u1ec7u m\u00e1t m\u1ebb, nh\u1eefng chi\u1ebfc \u00e1o s\u01a1 mi tay l\u1ee1 kh\u00f4ng ch\u1ec9 gi\u00fap b\u1ea1n tr\u1edf n\u00ean xinh \u0111\u1eb9p, sang tr\u1ecdng m\u00e0 c\u00f2n mang \u0111\u1ebfn c\u1ea3m gi\u00e1c tho\u1ea3i m\u00e1i, d\u1ec5 ch\u1ecbu khi l\u00e0m vi\u1ec7c trong m\u00f4i tr\u01b0\u1eddng c\u00f4ng s\u1edf<em>. <\/em>Thi\u1ebft k\u1ebf tay l\u1ee1 gi\u00fap che khuy\u1ebft \u0111i\u1ec3m b\u1eafp tay, \u0111\u1ed3ng th\u1eddi t\u1ea1o c\u1ea3m gi\u00e1c nh\u1eb9 nh\u00e0ng, m\u1ec1m m\u1ea1i.<\/h2>\n\n\n\n<h2 class=\"wp-block-heading\"><img loading=\"lazy\" decoding=\"async\" src=\"https:\/\/lh7-rt.googleusercontent.com\/docsz\/AD_4nXcs4e8fqymchFZR1V798r0eoHZ1fOK5vIlSaWTD1f9z1-fpa0orgrbVDr1jikVVukMbpx1QnWMrf-zCGO9yZaBeis7ZmIa-9JAuRvHJwQ0DFmIsZXkaKYPuYcqqWb31JC8jiVwNww?key=Ox5mmqM00Ca31zkr1iSoHw\" width=\"602\" height=\"801\"><\/h2>\n\n\n\n<h2 class=\"wp-block-heading\"><em>\u00c1o s\u01a1 mi tay l\u1ee1 c\u1ed5 tr\u00f2n.<\/em><br><\/h2>\n\n\n\n<h2 class=\"wp-block-heading\">\u00c1o s\u01a1 mi n\u1eef tay l\u1ee1 c\u00f3 r\u1ea5t nhi\u1ec1u ki\u1ec3u d\u00e1ng kh\u00e1c nhau \u0111\u1ec3 b\u1ea1n l\u1ef1a ch\u1ecdn. D\u01b0\u1edbi \u0111\u00e2y l\u00e0 m\u1ed9t s\u1ed1 ph\u00e2n lo\u1ea1i ph\u1ed5 bi\u1ebfn:<\/h2>\n\n\n\n<h2 class=\"wp-block-heading\">Theo ki\u1ec3u d\u00e1ng: \u00c1o s\u01a1 mi tay l\u1ee1 c\u00f3 th\u1ec3 \u0111\u01b0\u1ee3c thi\u1ebft k\u1ebf theo nhi\u1ec1u ki\u1ec3u d\u00e1ng kh\u00e1c nhau nh\u01b0 form r\u1ed9ng, \u00f4m body, croptop hay d\u00e1ng su\u00f4ng. M\u1ed7i ki\u1ec3u d\u00e1ng s\u1ebd mang l\u1ea1i m\u1ed9t phong c\u00e1ch kh\u00e1c nhau, t\u1eeb n\u0103ng \u0111\u1ed9ng, tr\u1ebb trung cho \u0111\u1ebfn thanh l\u1ecbch, trang tr\u1ecdng.<\/h2>\n\n\n\n<h2 class=\"wp-block-heading\">Theo ch\u1ea5t li\u1ec7u: \u00c1o s\u01a1 mi n\u1eef tay l\u1ee1 c\u00f3 th\u1ec3 \u0111\u01b0\u1ee3c l\u00e0m t\u1eeb nhi\u1ec1u lo\u1ea1i ch\u1ea5t li\u1ec7u nh\u01b0 cotton, l\u1ee5a, voan, denim, ho\u1eb7c v\u1ea3i lanh. M\u1ed7i ch\u1ea5t li\u1ec7u c\u00f3 \u0111\u1eb7c \u0111i\u1ec3m ri\u00eang v\u00e0 s\u1ebd ph\u00f9 h\u1ee3p v\u1edbi t\u1eebng ho\u00e0n c\u1ea3nh ho\u1eb7c th\u1eddi ti\u1ebft c\u1ee5 th\u1ec3.<\/h2>\n\n\n\n<h2 class=\"wp-block-heading\">Theo c\u1ed5 \u00e1o: C\u00e1c ki\u1ec3u c\u1ed5 \u00e1o th\u01b0\u1eddng g\u1eb7p l\u00e0 c\u1ed5 \u0111\u1ee9c, c\u1ed5 tr\u00f2n, c\u1ed5 t\u00e0u, c\u1ed5 vest\u2026 T\u1eebng ki\u1ec3u c\u1ed5 \u00e1o s\u1ebd t\u1ea1o n\u00ean s\u1ef1 kh\u00e1c bi\u1ec7t v\u1ec1 phong c\u00e1ch v\u00e0 m\u1ee9c \u0111\u1ed9 trang tr\u1ecdng c\u1ee7a chi\u1ebfc \u00e1o.<\/h2>\n\n\n\n<h2 class=\"wp-block-heading\">Theo h\u1ecda ti\u1ebft: \u00c1o s\u01a1 mi n\u1eef tay l\u1ee1 c\u00f3 th\u1ec3 c\u00f3 h\u1ecda ti\u1ebft tr\u01a1n, k\u1ebb s\u1ecdc, hoa nh\u00ed, ch\u1ea5m bi\u2026 S\u1ef1 \u0111a d\u1ea1ng v\u1ec1 h\u1ecda ti\u1ebft gi\u00fap b\u1ea1n c\u00f3 nhi\u1ec1u s\u1ef1 l\u1ef1a ch\u1ecdn ph\u00f9 h\u1ee3p v\u1edbi c\u00e1 t\u00ednh v\u00e0 phong c\u00e1ch th\u1eddi trang c\u1ee7a m\u00ecnh.<\/h2>\n\n\n\n<h1 class=\"wp-block-heading\"><strong>3. S\u01a1 mi c\u1ed5 n\u01a1 ho\u1eb7c c\u1ed5 b\u00e8o<\/strong><\/h1>\n\n\n\n<p>N\u1ebfu b\u1ea1n \u0111ang c\u1ea3m th\u1ea5y nh\u00e0m ch\u00e1n v\u1edbi nh\u1eefng m\u1eabu \u00e1o s\u01a1 mi c\u1ed5 \u0111i\u1ec3n, truy\u1ec1n th\u1ed1ng v\u00e0 mu\u1ed1n th\u1eed m\u1ed9t phong c\u00e1ch c\u00f4ng s\u1edf m\u1edbi. V\u1eady th\u00ec, item \u00e1o s\u01a1 mi c\u1ed5 bu\u1ed9c n\u01a1 l\u00e0 g\u1ee3i \u00fd ho\u00e0n h\u1ea3o m\u00e0 n\u00e0ng kh\u00f4ng th\u1ec3 b\u1ecf qua. M\u1eabu \u00e1o c\u1ed5 n\u01a1 \u0111\u1eb9p mang \u0111\u1ebfn s\u1ef1 thanh l\u1ecbch, n\u1eef t\u00ednh v\u00e0 m\u1ed9t ch\u00fat \u0111i\u1ec7u \u0111\u00e0 cho c\u00e1c c\u00f4 n\u00e0ng v\u0103n ph\u00f2ng. Thi\u1ebft k\u1ebf ph\u1ea7n c\u1ed5 \u0111\u01b0\u1ee3c c\u00e1ch \u0111i\u1ec7u th\u1eaft n\u01a1 s\u1ebd t\u0103ng th\u00eam ph\u1ea7n ch\u1ec9n chu v\u00e0 duy\u00ean d\u00e1ng, gi\u00fap n\u00e0ng tr\u1edf n\u00ean t\u1ef1 tin h\u01a1n \u1edf n\u01a1i c\u00f4ng s\u1edf c\u0169ng nh\u01b0 n\u00e2ng t\u1ea7m phong c\u00e1ch th\u1eddi trang.<\/p>\n\n\n\n<figure class=\"wp-block-image\"><img loading=\"lazy\" decoding=\"async\" width=\"610\" height=\"857\" src=\"https:\/\/thuchanhseo.com\/wp-content\/uploads\/2025\/05\/AD_4nXdZgPV4USMlYHXyuhMoBVvQcdA1ED6cYMUGgji8TqTqZ1ftG9KfTZYqQkTXQ838CygIXKBHNeqaJ0WRh-W-zSrbhAcTLCu4td_VindHiGIfZ8QrrmL2yXvgOKtlLfNhQ214zcrjXA.png\" alt=\"\" class=\"wp-image-352\" srcset=\"https:\/\/thuchanhseo.com\/wp-content\/uploads\/2025\/05\/AD_4nXdZgPV4USMlYHXyuhMoBVvQcdA1ED6cYMUGgji8TqTqZ1ftG9KfTZYqQkTXQ838CygIXKBHNeqaJ0WRh-W-zSrbhAcTLCu4td_VindHiGIfZ8QrrmL2yXvgOKtlLfNhQ214zcrjXA.png 610w, https:\/\/thuchanhseo.com\/wp-content\/uploads\/2025\/05\/AD_4nXdZgPV4USMlYHXyuhMoBVvQcdA1ED6cYMUGgji8TqTqZ1ftG9KfTZYqQkTXQ838CygIXKBHNeqaJ0WRh-W-zSrbhAcTLCu4td_VindHiGIfZ8QrrmL2yXvgOKtlLfNhQ214zcrjXA-214x300.png 214w\" sizes=\"(max-width: 610px) 100vw, 610px\" \/><\/figure>\n\n\n\n<p><em>\u00c1o s\u01a1 mi c\u1ed5 b\u00e8o.<\/em><\/p>\n\n\n\n<p>Ch\u1ea5t li\u1ec7u v\u1ea3i may c\u00e1c m\u1eabu<strong> <\/strong>\u00e1o s\u01a1 mi n\u1eef c\u1ed5 n\u01a1 s\u1ebd c\u1ea7n \u0111\u00e1p \u1ee9ng \u0111\u01b0\u1ee3c ti\u00eau ch\u00ed v\u1ec1 \u0111\u1ed9 tho\u00e1ng kh\u00ed, h\u00fat \u1ea9m, \u0111\u1ed9 m\u1ec1m m\u1ea1i, b\u1ec1n b\u1ec9 v\u00e0 t\u1ea1o cho ng\u01b0\u1eddi m\u1eb7c c\u1ea3m gi\u00e1c tho\u1ea3i m\u00e1i. M\u1ed9t s\u1ed1 d\u00f2ng v\u1ea3i may \u00e1o s\u01a1 mi c\u1ed5 th\u1eaft n\u01a1 ph\u1ed5 bi\u1ebfn v\u00e0 \u0111\u01b0\u1ee3c \u01b0a chu\u1ed9ng c\u00f3 th\u1ec3 k\u1ec3 \u0111\u1ebfn nh\u01b0 kate Airy silk, bamboo, v\u1ea3i lanh, l\u1ee5a, \u2026<\/p>\n\n\n\n<p>C\u00e1ch ph\u1ed1i \u0111\u1ed3 v\u1edbi \u00e1o s\u01a1 mi c\u1ed5 bu\u1ed9c n\u01a1 \u0111\u01a1n gi\u1ea3n, ph\u00f9 h\u1ee3p v\u1edbi t\u1ea5t c\u1ea3 m\u1ecdi ki\u1ec3u d\u00e1ng trang ph\u1ee5c kh\u00e1c nhau. M\u1ed9t s\u1ed1 g\u1ee3i \u00fd cho n\u00e0ng tham kh\u1ea3o:<\/p>\n\n\n\n<ul class=\"wp-block-list\">\n<li>S\u01a1 mi tr\u1eafng ph\u1ed1i n\u01a1 \u0111en k\u1ebft h\u1ee3p ch\u00e2n v\u00e1y b\u00fat ch\u00ec ho\u1eb7c qu\u1ea7n \u00e2u c\u00f9ng m\u00e0u n\u01a1 gi\u00fap c\u00f4 n\u00e0ng c\u00f4ng s\u1edf th\u00eam l\u1ecbch thi\u1ec7p.<\/li>\n\n\n\n<li>S\u01a1 mi c\u1ed5 n\u01a1 ph\u1ed1i c\u00f9ng ch\u00e2n v\u00e1y x\u1ebfp ly t\u0103ng th\u00eam v\u1ebb n\u0103ng \u0111\u1ed9ng cho h\u1ecdc sinh, sinh vi\u00ean.<\/li>\n\n\n\n<li>\u00c1o s\u01a1 mi c\u1ed5 n\u01a1 k\u1ebft h\u1ee3p qu\u1ea7n short c\u1ea1p cao gi\u00fap b\u1ed9 trang ph\u1ee5c c\u00e1 t\u00ednh h\u01a1n.<\/li>\n\n\n\n<li>K\u1ebft h\u1ee3p v\u1edbi \u00e1o blazer b\u00ean ngo\u00e0i \u0111\u1ec3 t\u1ea1o m\u1ed9t set \u0111\u1ed3 thu \u2013 \u0111\u00f4ng chu\u1ea9n sang tr\u1ecdng.<\/li>\n\n\n\n<li>Ph\u1ed1i v\u00e1y y\u1ebfm ti\u1ec3u th\u01b0 c\u00f9ng \u00e1o s\u01a1 mi voan tay b\u1ed3ng c\u1ed5 n\u01a1 gi\u00fap ph\u00e1i \u0111\u1eb9p tr\u1edf th\u00e0nh ti\u1ec3u th\u01b0 ki\u00eau k\u1ef3 ngay trong m\u1ed9t n\u1ed1t nh\u1ea1c.<\/li>\n<\/ul>\n\n\n\n<p><strong>L\u01b0u \u00fd<\/strong>: N\u1ebfu m\u00e0u n\u01a1 kh\u00e1c v\u1edbi m\u00e0u \u00e1o, h\u00e3y ch\u1ecdn trang ph\u1ee5c b\u00ean d\u01b0\u1edbi t\u01b0\u01a1ng \u0111\u1ed3ng v\u1edbi 1 trong 2 m\u00e0u s\u1eafc c\u1ee7a ph\u1ea7n th\u00e2n tr\u00ean. Kh\u00f4ng k\u1ebft h\u1ee3p qu\u00e1 nhi\u1ec1u m\u00e0u s\u1eafc, t\u1ed1i \u0111a ch\u1ec9 3 m\u00e0u \u0111\u1ec3 t\u1ed5ng th\u1ec3 kh\u00f4ng r\u1ed1i m\u1eaft. N\u00ean ch\u1ecdn ki\u1ec3u d\u00e1ng qu\u1ea7n, v\u00e1y hay ph\u1ee5 ki\u1ec7n \u0111\u01a1n gi\u1ea3n, kh\u00f4ng r\u01b0\u1eddm r\u00e0 \u0111\u1ec3 thu h\u00fat s\u1ef1 ch\u00fa \u00fd c\u1ee7a m\u1ecdi ng\u01b0\u1eddi l\u00ean chi\u1ebfc \u00e1o c\u00e1ch \u0111i\u1ec7u.<\/p>\n\n\n\n<p>D\u00f9 b\u1ea1n theo phong c\u00e1ch nh\u1eb9 nh\u00e0ng, sang tr\u1ecdng hay n\u0103ng \u0111\u1ed9ng, th\u00ec m\u1ed9t v\u00e0i chi\u1ebfc \u00e1o s\u01a1 mi c\u00f4ng s\u1edf n\u1eef \u0111\u1eb9p lu\u00f4n l\u00e0 tr\u1ee3 th\u1ee7 \u0111\u1eafc l\u1ef1c trong vi\u1ec7c x\u00e2y d\u1ef1ng h\u00ecnh \u1ea3nh chuy\u00ean nghi\u1ec7p m\u00e0 v\u1eabn th\u1eddi trang.<\/p>\n\n\n\n<p>\ud83d\udc49 \u0110\u1eebng qu\u00ean ch\u1ecdn ch\u1ea5t li\u1ec7u tho\u00e1ng m\u00e1t, \u0111\u01b0\u1eddng may tinh t\u1ebf v\u00e0 phom d\u00e1ng ph\u00f9 h\u1ee3p v\u1edbi c\u01a1 th\u1ec3 b\u1ea1n nh\u00e9!<\/p>\n","protected":false},"excerpt":{"rendered":"<p>Trong m\u00f4i tr\u01b0\u1eddng c\u00f4ng s\u1edf hi\u1ec7n \u0111\u1ea1i, m\u1ed9t chi\u1ebfc \u00e1o s\u01a1 mi n\u1eef \u0111\u1eb9p, thanh l\u1ecbch v\u00e0 d\u1ec5 ph\u1ed1i \u0111\u1ed3 kh\u00f4ng ch\u1ec9 l\u00e0 trang ph\u1ee5c, m\u00e0 c\u00f2n l\u00e0 c\u00f4ng c\u1ee5 gi\u00fap ph\u00e1i \u0111\u1eb9p th\u1ec3 hi\u1ec7n phong c\u00e1ch, s\u1ef1 chuy\u00ean nghi\u1ec7p v\u00e0 c\u00e1 t\u00ednh ri\u00eang. D\u01b0\u1edbi \u0111\u00e2y l\u00e0 nh\u1eefng m\u1eabu \u00e1o s\u01a1 mi n\u1eef c\u00f4ng s\u1edf [&hellip;]<\/p>\n","protected":false},"author":4,"featured_media":0,"parent":0,"menu_order":0,"comment_status":"closed","ping_status":"closed","template":"","meta":{"footnotes":""},"class_list":["post-351","page","type-page","status-publish","hentry"],"yoast_head":"<!-- This site is optimized with the Yoast SEO plugin v25.1 - https:\/\/yoast.com\/wordpress\/plugins\/seo\/ -->\n<title>M\u1ed9t s\u1ed1 m\u1eabu \u00e1o s\u01a1 mi n\u1eef c\u00f4ng s\u1edf kh\u00f4ng th\u1ec3 thi\u1ebfu trong t\u1ee7 \u0111\u1ed3 c\u1ee7a b\u1ea1n. - Th\u1ef1c h\u00e0nh SEO<\/title>\n<meta name=\"robots\" content=\"index, follow, max-snippet:-1, max-image-preview:large, max-video-preview:-1\" \/>\n<link rel=\"canonical\" href=\"https:\/\/thuchanhseo.com\/?page_id=351\" \/>\n<meta property=\"og:locale\" content=\"en_US\" \/>\n<meta property=\"og:type\" content=\"article\" \/>\n<meta property=\"og:title\" content=\"M\u1ed9t s\u1ed1 m\u1eabu \u00e1o s\u01a1 mi n\u1eef c\u00f4ng s\u1edf kh\u00f4ng th\u1ec3 thi\u1ebfu trong t\u1ee7 \u0111\u1ed3 c\u1ee7a b\u1ea1n. - Th\u1ef1c h\u00e0nh SEO\" \/>\n<meta property=\"og:description\" content=\"Trong m\u00f4i tr\u01b0\u1eddng c\u00f4ng s\u1edf hi\u1ec7n \u0111\u1ea1i, m\u1ed9t chi\u1ebfc \u00e1o s\u01a1 mi n\u1eef \u0111\u1eb9p, thanh l\u1ecbch v\u00e0 d\u1ec5 ph\u1ed1i \u0111\u1ed3 kh\u00f4ng ch\u1ec9 l\u00e0 trang ph\u1ee5c, m\u00e0 c\u00f2n l\u00e0 c\u00f4ng c\u1ee5 gi\u00fap ph\u00e1i \u0111\u1eb9p th\u1ec3 hi\u1ec7n phong c\u00e1ch, s\u1ef1 chuy\u00ean nghi\u1ec7p v\u00e0 c\u00e1 t\u00ednh ri\u00eang. D\u01b0\u1edbi \u0111\u00e2y l\u00e0 nh\u1eefng m\u1eabu \u00e1o s\u01a1 mi n\u1eef c\u00f4ng s\u1edf [&hellip;]\" \/>\n<meta property=\"og:url\" content=\"https:\/\/thuchanhseo.com\/?page_id=351\" \/>\n<meta property=\"og:site_name\" content=\"Th\u1ef1c h\u00e0nh SEO\" \/>\n<meta property=\"article:modified_time\" content=\"2025-05-26T10:22:09+00:00\" \/>\n<meta property=\"og:image\" content=\"https:\/\/lh7-rt.googleusercontent.com\/docsz\/AD_4nXftLEO1u2Pllo-CR5gBmBqcDBWLoxjlL-pC11A1E2I6Tmry7ufXk6KxC8ilpgMER0tgKIvjgYfvKbDGRQ_yetcLI4clVJMq5LS7qOxm_AfkLAHW0e0jqlxRco3JKHXfrlmmacpIxw?key=Ox5mmqM00Ca31zkr1iSoHw\" \/>\n<meta name=\"twitter:card\" content=\"summary_large_image\" \/>\n<meta name=\"twitter:label1\" content=\"Est. reading time\" \/>\n\t<meta name=\"twitter:data1\" content=\"6 minutes\" \/>\n<script type=\"application\/ld+json\" class=\"yoast-schema-graph\">{\"@context\":\"https:\/\/schema.org\",\"@graph\":[{\"@type\":\"WebPage\",\"@id\":\"https:\/\/thuchanhseo.com\/?page_id=351\",\"url\":\"https:\/\/thuchanhseo.com\/?page_id=351\",\"name\":\"M\u1ed9t s\u1ed1 m\u1eabu \u00e1o s\u01a1 mi n\u1eef c\u00f4ng s\u1edf kh\u00f4ng th\u1ec3 thi\u1ebfu trong t\u1ee7 \u0111\u1ed3 c\u1ee7a b\u1ea1n. - Th\u1ef1c h\u00e0nh SEO\",\"isPartOf\":{\"@id\":\"https:\/\/thuchanhseo.com\/#website\"},\"primaryImageOfPage\":{\"@id\":\"https:\/\/thuchanhseo.com\/?page_id=351#primaryimage\"},\"image\":{\"@id\":\"https:\/\/thuchanhseo.com\/?page_id=351#primaryimage\"},\"thumbnailUrl\":\"https:\/\/lh7-rt.googleusercontent.com\/docsz\/AD_4nXftLEO1u2Pllo-CR5gBmBqcDBWLoxjlL-pC11A1E2I6Tmry7ufXk6KxC8ilpgMER0tgKIvjgYfvKbDGRQ_yetcLI4clVJMq5LS7qOxm_AfkLAHW0e0jqlxRco3JKHXfrlmmacpIxw?key=Ox5mmqM00Ca31zkr1iSoHw\",\"datePublished\":\"2025-05-26T10:22:08+00:00\",\"dateModified\":\"2025-05-26T10:22:09+00:00\",\"breadcrumb\":{\"@id\":\"https:\/\/thuchanhseo.com\/?page_id=351#breadcrumb\"},\"inLanguage\":\"en-US\",\"potentialAction\":[{\"@type\":\"ReadAction\",\"target\":[\"https:\/\/thuchanhseo.com\/?page_id=351\"]}]},{\"@type\":\"ImageObject\",\"inLanguage\":\"en-US\",\"@id\":\"https:\/\/thuchanhseo.com\/?page_id=351#primaryimage\",\"url\":\"https:\/\/lh7-rt.googleusercontent.com\/docsz\/AD_4nXftLEO1u2Pllo-CR5gBmBqcDBWLoxjlL-pC11A1E2I6Tmry7ufXk6KxC8ilpgMER0tgKIvjgYfvKbDGRQ_yetcLI4clVJMq5LS7qOxm_AfkLAHW0e0jqlxRco3JKHXfrlmmacpIxw?key=Ox5mmqM00Ca31zkr1iSoHw\",\"contentUrl\":\"https:\/\/lh7-rt.googleusercontent.com\/docsz\/AD_4nXftLEO1u2Pllo-CR5gBmBqcDBWLoxjlL-pC11A1E2I6Tmry7ufXk6KxC8ilpgMER0tgKIvjgYfvKbDGRQ_yetcLI4clVJMq5LS7qOxm_AfkLAHW0e0jqlxRco3JKHXfrlmmacpIxw?key=Ox5mmqM00Ca31zkr1iSoHw\"},{\"@type\":\"BreadcrumbList\",\"@id\":\"https:\/\/thuchanhseo.com\/?page_id=351#breadcrumb\",\"itemListElement\":[{\"@type\":\"ListItem\",\"position\":1,\"name\":\"Home\",\"item\":\"https:\/\/thuchanhseo.com\/\"},{\"@type\":\"ListItem\",\"position\":2,\"name\":\"M\u1ed9t s\u1ed1 m\u1eabu \u00e1o s\u01a1 mi n\u1eef c\u00f4ng s\u1edf kh\u00f4ng th\u1ec3 thi\u1ebfu trong t\u1ee7 \u0111\u1ed3 c\u1ee7a b\u1ea1n.\"}]},{\"@type\":\"WebSite\",\"@id\":\"https:\/\/thuchanhseo.com\/#website\",\"url\":\"https:\/\/thuchanhseo.com\/\",\"name\":\"Th\u1ef1c h\u00e0nh SEO\",\"description\":\"\",\"potentialAction\":[{\"@type\":\"SearchAction\",\"target\":{\"@type\":\"EntryPoint\",\"urlTemplate\":\"https:\/\/thuchanhseo.com\/?s={search_term_string}\"},\"query-input\":{\"@type\":\"PropertyValueSpecification\",\"valueRequired\":true,\"valueName\":\"search_term_string\"}}],\"inLanguage\":\"en-US\"}]}<\/script>\n<!-- \/ Yoast SEO plugin. -->","yoast_head_json":{"title":"M\u1ed9t s\u1ed1 m\u1eabu \u00e1o s\u01a1 mi n\u1eef c\u00f4ng s\u1edf kh\u00f4ng th\u1ec3 thi\u1ebfu trong t\u1ee7 \u0111\u1ed3 c\u1ee7a b\u1ea1n. - Th\u1ef1c h\u00e0nh SEO","robots":{"index":"index","follow":"follow","max-snippet":"max-snippet:-1","max-image-preview":"max-image-preview:large","max-video-preview":"max-video-preview:-1"},"canonical":"https:\/\/thuchanhseo.com\/?page_id=351","og_locale":"en_US","og_type":"article","og_title":"M\u1ed9t s\u1ed1 m\u1eabu \u00e1o s\u01a1 mi n\u1eef c\u00f4ng s\u1edf kh\u00f4ng th\u1ec3 thi\u1ebfu trong t\u1ee7 \u0111\u1ed3 c\u1ee7a b\u1ea1n. - Th\u1ef1c h\u00e0nh SEO","og_description":"Trong m\u00f4i tr\u01b0\u1eddng c\u00f4ng s\u1edf hi\u1ec7n \u0111\u1ea1i, m\u1ed9t chi\u1ebfc \u00e1o s\u01a1 mi n\u1eef \u0111\u1eb9p, thanh l\u1ecbch v\u00e0 d\u1ec5 ph\u1ed1i \u0111\u1ed3 kh\u00f4ng ch\u1ec9 l\u00e0 trang ph\u1ee5c, m\u00e0 c\u00f2n l\u00e0 c\u00f4ng c\u1ee5 gi\u00fap ph\u00e1i \u0111\u1eb9p th\u1ec3 hi\u1ec7n phong c\u00e1ch, s\u1ef1 chuy\u00ean nghi\u1ec7p v\u00e0 c\u00e1 t\u00ednh ri\u00eang. D\u01b0\u1edbi \u0111\u00e2y l\u00e0 nh\u1eefng m\u1eabu \u00e1o s\u01a1 mi n\u1eef c\u00f4ng s\u1edf [&hellip;]","og_url":"https:\/\/thuchanhseo.com\/?page_id=351","og_site_name":"Th\u1ef1c h\u00e0nh SEO","article_modified_time":"2025-05-26T10:22:09+00:00","og_image":[{"url":"https:\/\/lh7-rt.googleusercontent.com\/docsz\/AD_4nXftLEO1u2Pllo-CR5gBmBqcDBWLoxjlL-pC11A1E2I6Tmry7ufXk6KxC8ilpgMER0tgKIvjgYfvKbDGRQ_yetcLI4clVJMq5LS7qOxm_AfkLAHW0e0jqlxRco3JKHXfrlmmacpIxw?key=Ox5mmqM00Ca31zkr1iSoHw","type":"","width":"","height":""}],"twitter_card":"summary_large_image","twitter_misc":{"Est. reading time":"6 minutes"},"schema":{"@context":"https:\/\/schema.org","@graph":[{"@type":"WebPage","@id":"https:\/\/thuchanhseo.com\/?page_id=351","url":"https:\/\/thuchanhseo.com\/?page_id=351","name":"M\u1ed9t s\u1ed1 m\u1eabu \u00e1o s\u01a1 mi n\u1eef c\u00f4ng s\u1edf kh\u00f4ng th\u1ec3 thi\u1ebfu trong t\u1ee7 \u0111\u1ed3 c\u1ee7a b\u1ea1n. - Th\u1ef1c h\u00e0nh SEO","isPartOf":{"@id":"https:\/\/thuchanhseo.com\/#website"},"primaryImageOfPage":{"@id":"https:\/\/thuchanhseo.com\/?page_id=351#primaryimage"},"image":{"@id":"https:\/\/thuchanhseo.com\/?page_id=351#primaryimage"},"thumbnailUrl":"https:\/\/lh7-rt.googleusercontent.com\/docsz\/AD_4nXftLEO1u2Pllo-CR5gBmBqcDBWLoxjlL-pC11A1E2I6Tmry7ufXk6KxC8ilpgMER0tgKIvjgYfvKbDGRQ_yetcLI4clVJMq5LS7qOxm_AfkLAHW0e0jqlxRco3JKHXfrlmmacpIxw?key=Ox5mmqM00Ca31zkr1iSoHw","datePublished":"2025-05-26T10:22:08+00:00","dateModified":"2025-05-26T10:22:09+00:00","breadcrumb":{"@id":"https:\/\/thuchanhseo.com\/?page_id=351#breadcrumb"},"inLanguage":"en-US","potentialAction":[{"@type":"ReadAction","target":["https:\/\/thuchanhseo.com\/?page_id=351"]}]},{"@type":"ImageObject","inLanguage":"en-US","@id":"https:\/\/thuchanhseo.com\/?page_id=351#primaryimage","url":"https:\/\/lh7-rt.googleusercontent.com\/docsz\/AD_4nXftLEO1u2Pllo-CR5gBmBqcDBWLoxjlL-pC11A1E2I6Tmry7ufXk6KxC8ilpgMER0tgKIvjgYfvKbDGRQ_yetcLI4clVJMq5LS7qOxm_AfkLAHW0e0jqlxRco3JKHXfrlmmacpIxw?key=Ox5mmqM00Ca31zkr1iSoHw","contentUrl":"https:\/\/lh7-rt.googleusercontent.com\/docsz\/AD_4nXftLEO1u2Pllo-CR5gBmBqcDBWLoxjlL-pC11A1E2I6Tmry7ufXk6KxC8ilpgMER0tgKIvjgYfvKbDGRQ_yetcLI4clVJMq5LS7qOxm_AfkLAHW0e0jqlxRco3JKHXfrlmmacpIxw?key=Ox5mmqM00Ca31zkr1iSoHw"},{"@type":"BreadcrumbList","@id":"https:\/\/thuchanhseo.com\/?page_id=351#breadcrumb","itemListElement":[{"@type":"ListItem","position":1,"name":"Home","item":"https:\/\/thuchanhseo.com\/"},{"@type":"ListItem","position":2,"name":"M\u1ed9t s\u1ed1 m\u1eabu \u00e1o s\u01a1 mi n\u1eef c\u00f4ng s\u1edf kh\u00f4ng th\u1ec3 thi\u1ebfu trong t\u1ee7 \u0111\u1ed3 c\u1ee7a b\u1ea1n."}]},{"@type":"WebSite","@id":"https:\/\/thuchanhseo.com\/#website","url":"https:\/\/thuchanhseo.com\/","name":"Th\u1ef1c h\u00e0nh SEO","description":"","potentialAction":[{"@type":"SearchAction","target":{"@type":"EntryPoint","urlTemplate":"https:\/\/thuchanhseo.com\/?s={search_term_string}"},"query-input":{"@type":"PropertyValueSpecification","valueRequired":true,"valueName":"search_term_string"}}],"inLanguage":"en-US"}]}},"_links":{"self":[{"href":"https:\/\/thuchanhseo.com\/index.php?rest_route=\/wp\/v2\/pages\/351","targetHints":{"allow":["GET"]}}],"collection":[{"href":"https:\/\/thuchanhseo.com\/index.php?rest_route=\/wp\/v2\/pages"}],"about":[{"href":"https:\/\/thuchanhseo.com\/index.php?rest_route=\/wp\/v2\/types\/page"}],"author":[{"embeddable":true,"href":"https:\/\/thuchanhseo.com\/index.php?rest_route=\/wp\/v2\/users\/4"}],"replies":[{"embeddable":true,"href":"https:\/\/thuchanhseo.com\/index.php?rest_route=%2Fwp%2Fv2%2Fcomments&post=351"}],"version-history":[{"count":1,"href":"https:\/\/thuchanhseo.com\/index.php?rest_route=\/wp\/v2\/pages\/351\/revisions"}],"predecessor-version":[{"id":353,"href":"https:\/\/thuchanhseo.com\/index.php?rest_route=\/wp\/v2\/pages\/351\/revisions\/353"}],"wp:attachment":[{"href":"https:\/\/thuchanhseo.com\/index.php?rest_route=%2Fwp%2Fv2%2Fmedia&parent=351"}],"curies":[{"name":"wp","href":"https:\/\/api.w.org\/{rel}","templated":true}]}}