{"id":3,"date":"2025-05-22T03:57:29","date_gmt":"2025-05-22T03:57:29","guid":{"rendered":"https:\/\/thuchanhseo.com\/?page_id=3"},"modified":"2025-05-22T05:10:08","modified_gmt":"2025-05-22T05:10:08","slug":"privacy-policy","status":"publish","type":"page","link":"https:\/\/thuchanhseo.com\/?page_id=3","title":{"rendered":"Greenleaf Tea"},"content":{"rendered":"\n<p>Greenleaf Tea \u2013 Th\u01b0\u01a1ng Hi\u1ec7u Tr\u00e0 Xanh Th\u00e1i Nguy\u00ean Cao C\u1ea5p, V\u1eb9n Nguy\u00ean V\u1ecb T\u1ef1 Nhi\u00ean. T\u1eeb v\u00f9ng tr\u00e0 n\u1ed5i ti\u1ebfng \u0111\u1ebfn th\u01b0\u01a1ng hi\u1ec7u uy t\u00edn. Greenleaf Tea l\u00e0 th\u01b0\u01a1ng hi\u1ec7u tr\u00e0 xanh Th\u00e1i Nguy\u00ean cao c\u1ea5p \u0111\u01b0\u1ee3c khai sinh t\u1eeb ch\u00ednh v\u00f9ng ch\u00e8 tr\u1ee9 danh \u0110\u1ea1i T\u1eeb \u2013 Th\u00e1i Nguy\u00ean. V\u1edbi tri\u1ebft l\u00fd \u201cS\u1ea1ch t\u1eeb g\u1ed1c \u2013 Chu\u1ea9n t\u1eeb t\u00e2m \u2013 Ngon t\u1eeb l\u00e1\u201d, Greenleaf g\u00ecn gi\u1eef tr\u1ecdn v\u1eb9n tinh hoa tr\u00e0 Vi\u1ec7t trong t\u1eebng s\u1ea3n ph\u1ea9m.<\/p>\n\n\n\n<h2 class=\"wp-block-heading\">V\u00f9ng nguy\u00ean li\u1ec7u s\u1ea1ch t\u1ea1i La B\u1eb1ng \u2013 \u0110\u1ea1i T\u1eeb<\/h2>\n\n\n\n<p>Greenleaf ch\u1ec9 s\u1eed d\u1ee5ng b\u00fap tr\u00e0 non \u0111\u01b0\u1ee3c thu h\u00e1i th\u1ee7 c\u00f4ng t\u1eeb c\u00e1c v\u00f9ng nh\u01b0 La B\u1eb1ng, T\u00e2n C\u01b0\u01a1ng, Ph\u00fa L\u1ea1c \u2013 n\u01a1i c\u00f3 kh\u00ed h\u1eadu v\u00e0 th\u1ed5 nh\u01b0\u1ee1ng l\u00fd t\u01b0\u1edfng cho c\u00e2y tr\u00e0 sinh tr\u01b0\u1edfng t\u1ef1 nhi\u00ean.<\/p>\n\n\n\n<h2 class=\"wp-block-heading\">Quy tr\u00ecnh s\u1ea3n xu\u1ea5t hi\u1ec7n \u0111\u1ea1i, \u0111\u1ea1t chu\u1ea9n qu\u1ed1c t\u1ebf<\/h2>\n\n\n\n<p>K\u1ebft h\u1ee3p c\u00f4ng ngh\u1ec7 s\u1ea5y l\u1ea1nh v\u00e0 k\u1ef9 thu\u1eadt sao th\u1ee7 c\u00f4ng, Greenleaf \u0111\u1ea3m b\u1ea3o tr\u00e0 gi\u1eef \u0111\u01b0\u1ee3c h\u01b0\u01a1ng th\u01a1m c\u1ed1m non, v\u1ecb ch\u00e1t nh\u1eb9 v\u00e0 h\u1eadu ng\u1ecdt thanh \u2013 \u0111\u1eb7c tr\u01b0ng c\u1ee7a tr\u00e0 Th\u00e1i Nguy\u00ean truy\u1ec1n th\u1ed1ng.<\/p>\n\n\n\n<h2 class=\"wp-block-heading\">D\u00f2ng s\u1ea3n ph\u1ea9m n\u1ed5i b\u1eadt<\/h2>\n\n\n\n<ul class=\"wp-block-list\">\n<li>Tr\u00e0 m\u00f3c c\u00e2u Greenleaf<\/li>\n\n\n\n<li>Tr\u00e0 n\u00f5n t\u00f4m<\/li>\n\n\n\n<li>Tr\u00e0 sen \u01b0\u1edbp tay th\u1ee7 c\u00f4ng<\/li>\n<\/ul>\n\n\n\n<p>T\u1ea5t c\u1ea3 \u0111\u1ec1u \u0111\u1ea1t chu\u1ea9n OCOP 4\u20135 sao v\u00e0 \u0111\u00e3 c\u00f3 m\u1eb7t t\u1ea1i c\u00e1c th\u1ecb tr\u01b0\u1eddng qu\u1ed1c t\u1ebf nh\u01b0 Nh\u1eadt, H\u00e0n Qu\u1ed1c, \u0110\u1ee9c\u2026<\/p>\n\n\n\n<h2 class=\"wp-block-heading\">Cam k\u1ebft t\u1eeb Greenleaf Tea<\/h2>\n\n\n\n<p>Kh\u00f4ng ch\u1ea5t b\u1ea3o qu\u1ea3n \u2013 Kh\u00f4ng h\u01b0\u01a1ng li\u1ec7u nh\u00e2n t\u1ea1o \u2013 100% tr\u00e0 xanh nguy\u00ean ch\u1ea5t. Greenleaf cam k\u1ebft mang \u0111\u1ebfn tr\u1ea3i nghi\u1ec7m th\u01b0\u1edfng tr\u00e0 thu\u1ea7n khi\u1ebft, an to\u00e0n cho s\u1ee9c kh\u1ecfe ng\u01b0\u1eddi ti\u00eau d\u00f9ng.<\/p>\n\n\n\n<figure class=\"wp-block-image aligncenter size-full\"><img fetchpriority=\"high\" decoding=\"async\" width=\"624\" height=\"403\" src=\"https:\/\/thuchanhseo.com\/wp-content\/uploads\/2025\/05\/chethainguyen3-04042022.jpg\" alt=\"\" class=\"wp-image-53\" srcset=\"https:\/\/thuchanhseo.com\/wp-content\/uploads\/2025\/05\/chethainguyen3-04042022.jpg 624w, https:\/\/thuchanhseo.com\/wp-content\/uploads\/2025\/05\/chethainguyen3-04042022-300x194.jpg 300w\" sizes=\"(max-width: 624px) 100vw, 624px\" \/><\/figure>\n\n\n\n<p><\/p>\n","protected":false},"excerpt":{"rendered":"<p>Greenleaf Tea \u2013 Th\u01b0\u01a1ng Hi\u1ec7u Tr\u00e0 Xanh Th\u00e1i Nguy\u00ean Cao C\u1ea5p, V\u1eb9n Nguy\u00ean V\u1ecb T\u1ef1 Nhi\u00ean. T\u1eeb v\u00f9ng tr\u00e0 n\u1ed5i ti\u1ebfng \u0111\u1ebfn th\u01b0\u01a1ng hi\u1ec7u uy t\u00edn. Greenleaf Tea l\u00e0 th\u01b0\u01a1ng hi\u1ec7u tr\u00e0 xanh Th\u00e1i Nguy\u00ean cao c\u1ea5p \u0111\u01b0\u1ee3c khai sinh t\u1eeb ch\u00ednh v\u00f9ng ch\u00e8 tr\u1ee9 danh \u0110\u1ea1i T\u1eeb \u2013 Th\u00e1i Nguy\u00ean. V\u1edbi tri\u1ebft l\u00fd \u201cS\u1ea1ch [&hellip;]<\/p>\n","protected":false},"author":1,"featured_media":0,"parent":0,"menu_order":0,"comment_status":"closed","ping_status":"open","template":"","meta":{"footnotes":""},"class_list":["post-3","page","type-page","status-publish","hentry"],"yoast_head":"<!-- This site is optimized with the Yoast SEO plugin v25.1 - https:\/\/yoast.com\/wordpress\/plugins\/seo\/ -->\n<title>Greenleaf Tea - Th\u1ef1c h\u00e0nh SEO<\/title>\n<meta name=\"robots\" content=\"index, follow, max-snippet:-1, max-image-preview:large, max-video-preview:-1\" \/>\n<link rel=\"canonical\" href=\"https:\/\/thuchanhseo.com\/?page_id=3\" \/>\n<meta property=\"og:locale\" content=\"en_US\" \/>\n<meta property=\"og:type\" content=\"article\" \/>\n<meta property=\"og:title\" content=\"Greenleaf Tea - Th\u1ef1c h\u00e0nh SEO\" \/>\n<meta property=\"og:description\" content=\"Greenleaf Tea \u2013 Th\u01b0\u01a1ng Hi\u1ec7u Tr\u00e0 Xanh Th\u00e1i Nguy\u00ean Cao C\u1ea5p, V\u1eb9n Nguy\u00ean V\u1ecb T\u1ef1 Nhi\u00ean. T\u1eeb v\u00f9ng tr\u00e0 n\u1ed5i ti\u1ebfng \u0111\u1ebfn th\u01b0\u01a1ng hi\u1ec7u uy t\u00edn. Greenleaf Tea l\u00e0 th\u01b0\u01a1ng hi\u1ec7u tr\u00e0 xanh Th\u00e1i Nguy\u00ean cao c\u1ea5p \u0111\u01b0\u1ee3c khai sinh t\u1eeb ch\u00ednh v\u00f9ng ch\u00e8 tr\u1ee9 danh \u0110\u1ea1i T\u1eeb \u2013 Th\u00e1i Nguy\u00ean. V\u1edbi tri\u1ebft l\u00fd \u201cS\u1ea1ch [&hellip;]\" \/>\n<meta property=\"og:url\" content=\"https:\/\/thuchanhseo.com\/?page_id=3\" \/>\n<meta property=\"og:site_name\" content=\"Th\u1ef1c h\u00e0nh SEO\" \/>\n<meta property=\"article:modified_time\" content=\"2025-05-22T05:10:08+00:00\" \/>\n<meta property=\"og:image\" content=\"https:\/\/thuchanhseo.com\/wp-content\/uploads\/2025\/05\/chethainguyen3-04042022.jpg\" \/>\n\t<meta property=\"og:image:width\" content=\"624\" \/>\n\t<meta property=\"og:image:height\" content=\"403\" \/>\n\t<meta property=\"og:image:type\" content=\"image\/jpeg\" \/>\n<meta name=\"twitter:card\" content=\"summary_large_image\" \/>\n<meta name=\"twitter:label1\" content=\"Est. reading time\" \/>\n\t<meta name=\"twitter:data1\" content=\"2 minutes\" \/>\n<script type=\"application\/ld+json\" class=\"yoast-schema-graph\">{\"@context\":\"https:\/\/schema.org\",\"@graph\":[{\"@type\":\"WebPage\",\"@id\":\"https:\/\/thuchanhseo.com\/?page_id=3\",\"url\":\"https:\/\/thuchanhseo.com\/?page_id=3\",\"name\":\"Greenleaf Tea - Th\u1ef1c h\u00e0nh SEO\",\"isPartOf\":{\"@id\":\"https:\/\/thuchanhseo.com\/#website\"},\"primaryImageOfPage\":{\"@id\":\"https:\/\/thuchanhseo.com\/?page_id=3#primaryimage\"},\"image\":{\"@id\":\"https:\/\/thuchanhseo.com\/?page_id=3#primaryimage\"},\"thumbnailUrl\":\"https:\/\/thuchanhseo.com\/wp-content\/uploads\/2025\/05\/chethainguyen3-04042022.jpg\",\"datePublished\":\"2025-05-22T03:57:29+00:00\",\"dateModified\":\"2025-05-22T05:10:08+00:00\",\"breadcrumb\":{\"@id\":\"https:\/\/thuchanhseo.com\/?page_id=3#breadcrumb\"},\"inLanguage\":\"en-US\",\"potentialAction\":[{\"@type\":\"ReadAction\",\"target\":[\"https:\/\/thuchanhseo.com\/?page_id=3\"]}]},{\"@type\":\"ImageObject\",\"inLanguage\":\"en-US\",\"@id\":\"https:\/\/thuchanhseo.com\/?page_id=3#primaryimage\",\"url\":\"https:\/\/thuchanhseo.com\/wp-content\/uploads\/2025\/05\/chethainguyen3-04042022.jpg\",\"contentUrl\":\"https:\/\/thuchanhseo.com\/wp-content\/uploads\/2025\/05\/chethainguyen3-04042022.jpg\",\"width\":624,\"height\":403},{\"@type\":\"BreadcrumbList\",\"@id\":\"https:\/\/thuchanhseo.com\/?page_id=3#breadcrumb\",\"itemListElement\":[{\"@type\":\"ListItem\",\"position\":1,\"name\":\"Home\",\"item\":\"https:\/\/thuchanhseo.com\/\"},{\"@type\":\"ListItem\",\"position\":2,\"name\":\"Greenleaf Tea\"}]},{\"@type\":\"WebSite\",\"@id\":\"https:\/\/thuchanhseo.com\/#website\",\"url\":\"https:\/\/thuchanhseo.com\/\",\"name\":\"Th\u1ef1c h\u00e0nh SEO\",\"description\":\"\",\"potentialAction\":[{\"@type\":\"SearchAction\",\"target\":{\"@type\":\"EntryPoint\",\"urlTemplate\":\"https:\/\/thuchanhseo.com\/?s={search_term_string}\"},\"query-input\":{\"@type\":\"PropertyValueSpecification\",\"valueRequired\":true,\"valueName\":\"search_term_string\"}}],\"inLanguage\":\"en-US\"}]}<\/script>\n<!-- \/ Yoast SEO plugin. -->","yoast_head_json":{"title":"Greenleaf Tea - Th\u1ef1c h\u00e0nh SEO","robots":{"index":"index","follow":"follow","max-snippet":"max-snippet:-1","max-image-preview":"max-image-preview:large","max-video-preview":"max-video-preview:-1"},"canonical":"https:\/\/thuchanhseo.com\/?page_id=3","og_locale":"en_US","og_type":"article","og_title":"Greenleaf Tea - Th\u1ef1c h\u00e0nh SEO","og_description":"Greenleaf Tea \u2013 Th\u01b0\u01a1ng Hi\u1ec7u Tr\u00e0 Xanh Th\u00e1i Nguy\u00ean Cao C\u1ea5p, V\u1eb9n Nguy\u00ean V\u1ecb T\u1ef1 Nhi\u00ean. T\u1eeb v\u00f9ng tr\u00e0 n\u1ed5i ti\u1ebfng \u0111\u1ebfn th\u01b0\u01a1ng hi\u1ec7u uy t\u00edn. Greenleaf Tea l\u00e0 th\u01b0\u01a1ng hi\u1ec7u tr\u00e0 xanh Th\u00e1i Nguy\u00ean cao c\u1ea5p \u0111\u01b0\u1ee3c khai sinh t\u1eeb ch\u00ednh v\u00f9ng ch\u00e8 tr\u1ee9 danh \u0110\u1ea1i T\u1eeb \u2013 Th\u00e1i Nguy\u00ean. V\u1edbi tri\u1ebft l\u00fd \u201cS\u1ea1ch [&hellip;]","og_url":"https:\/\/thuchanhseo.com\/?page_id=3","og_site_name":"Th\u1ef1c h\u00e0nh SEO","article_modified_time":"2025-05-22T05:10:08+00:00","og_image":[{"width":624,"height":403,"url":"https:\/\/thuchanhseo.com\/wp-content\/uploads\/2025\/05\/chethainguyen3-04042022.jpg","type":"image\/jpeg"}],"twitter_card":"summary_large_image","twitter_misc":{"Est. reading time":"2 minutes"},"schema":{"@context":"https:\/\/schema.org","@graph":[{"@type":"WebPage","@id":"https:\/\/thuchanhseo.com\/?page_id=3","url":"https:\/\/thuchanhseo.com\/?page_id=3","name":"Greenleaf Tea - Th\u1ef1c h\u00e0nh SEO","isPartOf":{"@id":"https:\/\/thuchanhseo.com\/#website"},"primaryImageOfPage":{"@id":"https:\/\/thuchanhseo.com\/?page_id=3#primaryimage"},"image":{"@id":"https:\/\/thuchanhseo.com\/?page_id=3#primaryimage"},"thumbnailUrl":"https:\/\/thuchanhseo.com\/wp-content\/uploads\/2025\/05\/chethainguyen3-04042022.jpg","datePublished":"2025-05-22T03:57:29+00:00","dateModified":"2025-05-22T05:10:08+00:00","breadcrumb":{"@id":"https:\/\/thuchanhseo.com\/?page_id=3#breadcrumb"},"inLanguage":"en-US","potentialAction":[{"@type":"ReadAction","target":["https:\/\/thuchanhseo.com\/?page_id=3"]}]},{"@type":"ImageObject","inLanguage":"en-US","@id":"https:\/\/thuchanhseo.com\/?page_id=3#primaryimage","url":"https:\/\/thuchanhseo.com\/wp-content\/uploads\/2025\/05\/chethainguyen3-04042022.jpg","contentUrl":"https:\/\/thuchanhseo.com\/wp-content\/uploads\/2025\/05\/chethainguyen3-04042022.jpg","width":624,"height":403},{"@type":"BreadcrumbList","@id":"https:\/\/thuchanhseo.com\/?page_id=3#breadcrumb","itemListElement":[{"@type":"ListItem","position":1,"name":"Home","item":"https:\/\/thuchanhseo.com\/"},{"@type":"ListItem","position":2,"name":"Greenleaf Tea"}]},{"@type":"WebSite","@id":"https:\/\/thuchanhseo.com\/#website","url":"https:\/\/thuchanhseo.com\/","name":"Th\u1ef1c h\u00e0nh SEO","description":"","potentialAction":[{"@type":"SearchAction","target":{"@type":"EntryPoint","urlTemplate":"https:\/\/thuchanhseo.com\/?s={search_term_string}"},"query-input":{"@type":"PropertyValueSpecification","valueRequired":true,"valueName":"search_term_string"}}],"inLanguage":"en-US"}]}},"_links":{"self":[{"href":"https:\/\/thuchanhseo.com\/index.php?rest_route=\/wp\/v2\/pages\/3","targetHints":{"allow":["GET"]}}],"collection":[{"href":"https:\/\/thuchanhseo.com\/index.php?rest_route=\/wp\/v2\/pages"}],"about":[{"href":"https:\/\/thuchanhseo.com\/index.php?rest_route=\/wp\/v2\/types\/page"}],"author":[{"embeddable":true,"href":"https:\/\/thuchanhseo.com\/index.php?rest_route=\/wp\/v2\/users\/1"}],"replies":[{"embeddable":true,"href":"https:\/\/thuchanhseo.com\/index.php?rest_route=%2Fwp%2Fv2%2Fcomments&post=3"}],"version-history":[{"count":4,"href":"https:\/\/thuchanhseo.com\/index.php?rest_route=\/wp\/v2\/pages\/3\/revisions"}],"predecessor-version":[{"id":59,"href":"https:\/\/thuchanhseo.com\/index.php?rest_route=\/wp\/v2\/pages\/3\/revisions\/59"}],"wp:attachment":[{"href":"https:\/\/thuchanhseo.com\/index.php?rest_route=%2Fwp%2Fv2%2Fmedia&parent=3"}],"curies":[{"name":"wp","href":"https:\/\/api.w.org\/{rel}","templated":true}]}}