{"id":2755,"date":"2025-08-20T15:22:08","date_gmt":"2025-08-20T15:22:08","guid":{"rendered":"https:\/\/thuchanhseo.com\/?page_id=2755"},"modified":"2025-08-20T15:22:12","modified_gmt":"2025-08-20T15:22:12","slug":"%e2%98%80%ef%b8%8ftop-kem-chong-nang-cho-nang-tu-tin-chay-het-minh-mua-he","status":"publish","type":"page","link":"https:\/\/thuchanhseo.com\/?page_id=2755","title":{"rendered":"\u2600\ufe0fTOP KEM CH\u1ed0NG N\u1eaeNG CHO N\u00c0NG T\u1ef0 TIN CH\u00c1Y H\u1ebeT M\u00ccNH M\u00d9A H\u00c8!"},"content":{"rendered":"\n<p><a href=\"https:\/\/changstorie.blogspot.com\/2025\/08\/top-kem-chong-nang-cho-nang-tu-tin-chay.html\"><time datetime=\"2025-08-04T03:12:00-07:00\">th\u00e1ng 8 04, 2025<\/time><\/a><\/p>\n\n\n\n<p><a href=\"https:\/\/soluna.com.vn\/product\/bikini-mot-manh-form-vay\/\" target=\"_blank\" rel=\"noreferrer noopener\"><strong>\u0110i bi\u1ec3n<\/strong><\/a>\u00a0m\u00e0 s\u1ee3 \u0111en, s\u1ee3 b\u1eaft n\u1eafng?\u00a0<a href=\"https:\/\/soluna.com.vn\/\" target=\"_blank\" rel=\"noreferrer noopener\"><strong>Soluna<\/strong><\/a>\u00a0m\u00e1ch b\u1ea1n list kem ch\u1ed1ng n\u1eafng ch\u00e2n \u00e1i gi\u00fap n\u00e0ng t\u1ef1 tin khoe d\u00e1ng m\u00e0 da v\u1eabn tr\u1eafng m\u1ecbn, kh\u00f4ng s\u1ea1m ch\u00e1y nha!<\/p>\n\n\n\n<p><img decoding=\"async\" alt=\"\ud83d\udc9b\" height=\"16\" src=\"blob:https:\/\/thuchanhseo.com\/a06ca4d2-7a53-46bb-b1d2-bb0a119213e3\" width=\"16\">1. Anessa Perfect UV Sunscreen<\/p>\n\n\n\n<p>Ch\u1ed1ng n\u1eafng \u201cqu\u1ed1c d\u00e2n\u201d \u2013 ch\u1ed1ng tr\u00f4i \u0111\u1ec9nh cao, b\u01a1i l\u1ed9i v\u00f4 t\u01b0 m\u00e0 da v\u1eabn m\u1ec1m m\u1ecbn.<\/p>\n\n\n\n<p><img decoding=\"async\" alt=\"\ud83d\udc96\" height=\"16\" src=\"blob:https:\/\/thuchanhseo.com\/daa6a325-843b-4cc0-95dc-9aaf8404da02\" width=\"16\">2. La Roche-Posay Anthelios XL<\/p>\n\n\n\n<p>D\u00e0nh cho da nh\u1ea1y c\u1ea3m \u2013 th\u1ea5m nhanh, nh\u1eb9 m\u1eb7t, kh\u00f4ng b\u1ebft d\u00ednh.<\/p>\n\n\n\n<p><img decoding=\"async\" alt=\"\ud83c\udf38\" height=\"16\" src=\"blob:https:\/\/thuchanhseo.com\/3ec39f0c-e1d6-42a5-b226-8c02b5f73178\" width=\"16\">3. Biore UV Aqua Rich Watery Essence<\/p>\n\n\n\n<p>Gi\u00e1 h\u1ecdc sinh \u2013 ch\u1ea5t l\u01b0\u1ee3ng x\u1ecbn s\u00f2, m\u1ecfng nh\u1eb9 nh\u01b0 kh\u00f4ng kh\u00ed lu\u00f4n \u00e1!<\/p>\n\n\n\n<p><img loading=\"lazy\" decoding=\"async\" alt=\"\ud83c\udf34\" height=\"16\" src=\"blob:https:\/\/thuchanhseo.com\/46a8cd30-91f5-4dc8-a13d-097fd50d85c6\" width=\"16\">4. Skin Aqua Tone Up UV Essence<\/p>\n\n\n\n<p>V\u1eeba ch\u1ed1ng n\u1eafng, v\u1eeba n\u00e2ng tone nh\u1eb9 \u2013 c\u1ef1c h\u1ee3p v\u1edbi bikini tr\u1eafng, pastel.<\/p>\n\n\n\n<p><img loading=\"lazy\" decoding=\"async\" alt=\"\ud83d\udd25\" height=\"16\" src=\"blob:https:\/\/thuchanhseo.com\/572dd1e9-082c-424d-88a0-c9537918b4e6\" width=\"16\">5. Vichy Capital Soleil SPF50+<\/p>\n\n\n\n<p>D\u01b0\u1ee1ng da, ch\u1ed1ng l\u00e3o h\u00f3a, l\u1ea1i b\u1ea3o v\u1ec7 da t\u1ed1i \u01b0u d\u01b0\u1edbi \u00e1nh n\u1eafng gay g\u1eaft!<\/p>\n\n\n\n<p><img loading=\"lazy\" decoding=\"async\" alt=\"\ud83d\udc59\" height=\"16\" src=\"blob:https:\/\/thuchanhseo.com\/67362908-cf59-4ecf-9532-baf6a7d6602f\" width=\"16\">V\u1edbi m\u1ed9t l\u1edbp kem ch\u1ed1ng n\u1eafng ph\u00f9 h\u1ee3p, n\u00e0ng c\u1ee9 vi\u1ec7c di\u1ec7n bikini Soluna xinh x\u1eafn, pose d\u00e1ng th\u1ea7n th\u00e1i v\u00e0 s\u1ed1ng \u1ea3o ch\u00e1y m\u00e1y th\u00f4i!<\/p>\n\n\n\n<p><img loading=\"lazy\" decoding=\"async\" alt=\"\ud83d\udccc\" height=\"16\" src=\"blob:https:\/\/thuchanhseo.com\/8ede1f36-55a5-499f-b01d-bd070105b8b3\" width=\"16\">\u0110\u1eebng qu\u00ean: Thoa l\u1ea1i kem ch\u1ed1ng n\u1eafng sau m\u1ed7i 2-3 ti\u1ebfng \u0111\u1ec3 da lu\u00f4n \u0111\u01b0\u1ee3c b\u1ea3o v\u1ec7 t\u1ed1i \u01b0u nha!&nbsp;<\/p>\n","protected":false},"excerpt":{"rendered":"<p>th\u00e1ng 8 04, 2025 \u0110i bi\u1ec3n\u00a0m\u00e0 s\u1ee3 \u0111en, s\u1ee3 b\u1eaft n\u1eafng?\u00a0Soluna\u00a0m\u00e1ch b\u1ea1n list kem ch\u1ed1ng n\u1eafng ch\u00e2n \u00e1i gi\u00fap n\u00e0ng t\u1ef1 tin khoe d\u00e1ng m\u00e0 da v\u1eabn tr\u1eafng m\u1ecbn, kh\u00f4ng s\u1ea1m ch\u00e1y nha! 1. Anessa Perfect UV Sunscreen Ch\u1ed1ng n\u1eafng \u201cqu\u1ed1c d\u00e2n\u201d \u2013 ch\u1ed1ng tr\u00f4i \u0111\u1ec9nh cao, b\u01a1i l\u1ed9i v\u00f4 t\u01b0 m\u00e0 da v\u1eabn m\u1ec1m [&hellip;]<\/p>\n","protected":false},"author":11,"featured_media":0,"parent":0,"menu_order":0,"comment_status":"closed","ping_status":"closed","template":"","meta":{"footnotes":""},"class_list":["post-2755","page","type-page","status-publish","hentry"],"yoast_head":"<!-- This site is optimized with the Yoast SEO plugin v25.1 - https:\/\/yoast.com\/wordpress\/plugins\/seo\/ -->\n<title>\u2600\ufe0fTOP KEM CH\u1ed0NG N\u1eaeNG CHO N\u00c0NG T\u1ef0 TIN CH\u00c1Y H\u1ebeT M\u00ccNH M\u00d9A H\u00c8! - Th\u1ef1c h\u00e0nh SEO<\/title>\n<meta name=\"robots\" content=\"index, follow, max-snippet:-1, max-image-preview:large, max-video-preview:-1\" \/>\n<link rel=\"canonical\" href=\"https:\/\/thuchanhseo.com\/?page_id=2755\" \/>\n<meta property=\"og:locale\" content=\"en_US\" \/>\n<meta property=\"og:type\" content=\"article\" \/>\n<meta property=\"og:title\" content=\"\u2600\ufe0fTOP KEM CH\u1ed0NG N\u1eaeNG CHO N\u00c0NG T\u1ef0 TIN CH\u00c1Y H\u1ebeT M\u00ccNH M\u00d9A H\u00c8! - Th\u1ef1c h\u00e0nh SEO\" \/>\n<meta property=\"og:description\" content=\"th\u00e1ng 8 04, 2025 \u0110i bi\u1ec3n\u00a0m\u00e0 s\u1ee3 \u0111en, s\u1ee3 b\u1eaft n\u1eafng?\u00a0Soluna\u00a0m\u00e1ch b\u1ea1n list kem ch\u1ed1ng n\u1eafng ch\u00e2n \u00e1i gi\u00fap n\u00e0ng t\u1ef1 tin khoe d\u00e1ng m\u00e0 da v\u1eabn tr\u1eafng m\u1ecbn, kh\u00f4ng s\u1ea1m ch\u00e1y nha! 1. Anessa Perfect UV Sunscreen Ch\u1ed1ng n\u1eafng \u201cqu\u1ed1c d\u00e2n\u201d \u2013 ch\u1ed1ng tr\u00f4i \u0111\u1ec9nh cao, b\u01a1i l\u1ed9i v\u00f4 t\u01b0 m\u00e0 da v\u1eabn m\u1ec1m [&hellip;]\" \/>\n<meta property=\"og:url\" content=\"https:\/\/thuchanhseo.com\/?page_id=2755\" \/>\n<meta property=\"og:site_name\" content=\"Th\u1ef1c h\u00e0nh SEO\" \/>\n<meta property=\"article:modified_time\" content=\"2025-08-20T15:22:12+00:00\" \/>\n<meta name=\"twitter:card\" content=\"summary_large_image\" \/>\n<meta name=\"twitter:label1\" content=\"Est. reading time\" \/>\n\t<meta name=\"twitter:data1\" content=\"3 minutes\" \/>\n<script type=\"application\/ld+json\" class=\"yoast-schema-graph\">{\"@context\":\"https:\/\/schema.org\",\"@graph\":[{\"@type\":\"WebPage\",\"@id\":\"https:\/\/thuchanhseo.com\/?page_id=2755\",\"url\":\"https:\/\/thuchanhseo.com\/?page_id=2755\",\"name\":\"\u2600\ufe0fTOP KEM CH\u1ed0NG N\u1eaeNG CHO N\u00c0NG T\u1ef0 TIN CH\u00c1Y H\u1ebeT M\u00ccNH M\u00d9A H\u00c8! - Th\u1ef1c h\u00e0nh SEO\",\"isPartOf\":{\"@id\":\"https:\/\/thuchanhseo.com\/#website\"},\"datePublished\":\"2025-08-20T15:22:08+00:00\",\"dateModified\":\"2025-08-20T15:22:12+00:00\",\"breadcrumb\":{\"@id\":\"https:\/\/thuchanhseo.com\/?page_id=2755#breadcrumb\"},\"inLanguage\":\"en-US\",\"potentialAction\":[{\"@type\":\"ReadAction\",\"target\":[\"https:\/\/thuchanhseo.com\/?page_id=2755\"]}]},{\"@type\":\"BreadcrumbList\",\"@id\":\"https:\/\/thuchanhseo.com\/?page_id=2755#breadcrumb\",\"itemListElement\":[{\"@type\":\"ListItem\",\"position\":1,\"name\":\"Home\",\"item\":\"https:\/\/thuchanhseo.com\/\"},{\"@type\":\"ListItem\",\"position\":2,\"name\":\"\u2600\ufe0fTOP KEM CH\u1ed0NG N\u1eaeNG CHO N\u00c0NG T\u1ef0 TIN CH\u00c1Y H\u1ebeT M\u00ccNH M\u00d9A H\u00c8!\"}]},{\"@type\":\"WebSite\",\"@id\":\"https:\/\/thuchanhseo.com\/#website\",\"url\":\"https:\/\/thuchanhseo.com\/\",\"name\":\"Th\u1ef1c h\u00e0nh SEO\",\"description\":\"\",\"potentialAction\":[{\"@type\":\"SearchAction\",\"target\":{\"@type\":\"EntryPoint\",\"urlTemplate\":\"https:\/\/thuchanhseo.com\/?s={search_term_string}\"},\"query-input\":{\"@type\":\"PropertyValueSpecification\",\"valueRequired\":true,\"valueName\":\"search_term_string\"}}],\"inLanguage\":\"en-US\"}]}<\/script>\n<!-- \/ Yoast SEO plugin. -->","yoast_head_json":{"title":"\u2600\ufe0fTOP KEM CH\u1ed0NG N\u1eaeNG CHO N\u00c0NG T\u1ef0 TIN CH\u00c1Y H\u1ebeT M\u00ccNH M\u00d9A H\u00c8! - Th\u1ef1c h\u00e0nh SEO","robots":{"index":"index","follow":"follow","max-snippet":"max-snippet:-1","max-image-preview":"max-image-preview:large","max-video-preview":"max-video-preview:-1"},"canonical":"https:\/\/thuchanhseo.com\/?page_id=2755","og_locale":"en_US","og_type":"article","og_title":"\u2600\ufe0fTOP KEM CH\u1ed0NG N\u1eaeNG CHO N\u00c0NG T\u1ef0 TIN CH\u00c1Y H\u1ebeT M\u00ccNH M\u00d9A H\u00c8! - Th\u1ef1c h\u00e0nh SEO","og_description":"th\u00e1ng 8 04, 2025 \u0110i bi\u1ec3n\u00a0m\u00e0 s\u1ee3 \u0111en, s\u1ee3 b\u1eaft n\u1eafng?\u00a0Soluna\u00a0m\u00e1ch b\u1ea1n list kem ch\u1ed1ng n\u1eafng ch\u00e2n \u00e1i gi\u00fap n\u00e0ng t\u1ef1 tin khoe d\u00e1ng m\u00e0 da v\u1eabn tr\u1eafng m\u1ecbn, kh\u00f4ng s\u1ea1m ch\u00e1y nha! 1. Anessa Perfect UV Sunscreen Ch\u1ed1ng n\u1eafng \u201cqu\u1ed1c d\u00e2n\u201d \u2013 ch\u1ed1ng tr\u00f4i \u0111\u1ec9nh cao, b\u01a1i l\u1ed9i v\u00f4 t\u01b0 m\u00e0 da v\u1eabn m\u1ec1m [&hellip;]","og_url":"https:\/\/thuchanhseo.com\/?page_id=2755","og_site_name":"Th\u1ef1c h\u00e0nh SEO","article_modified_time":"2025-08-20T15:22:12+00:00","twitter_card":"summary_large_image","twitter_misc":{"Est. reading time":"3 minutes"},"schema":{"@context":"https:\/\/schema.org","@graph":[{"@type":"WebPage","@id":"https:\/\/thuchanhseo.com\/?page_id=2755","url":"https:\/\/thuchanhseo.com\/?page_id=2755","name":"\u2600\ufe0fTOP KEM CH\u1ed0NG N\u1eaeNG CHO N\u00c0NG T\u1ef0 TIN CH\u00c1Y H\u1ebeT M\u00ccNH M\u00d9A H\u00c8! - Th\u1ef1c h\u00e0nh SEO","isPartOf":{"@id":"https:\/\/thuchanhseo.com\/#website"},"datePublished":"2025-08-20T15:22:08+00:00","dateModified":"2025-08-20T15:22:12+00:00","breadcrumb":{"@id":"https:\/\/thuchanhseo.com\/?page_id=2755#breadcrumb"},"inLanguage":"en-US","potentialAction":[{"@type":"ReadAction","target":["https:\/\/thuchanhseo.com\/?page_id=2755"]}]},{"@type":"BreadcrumbList","@id":"https:\/\/thuchanhseo.com\/?page_id=2755#breadcrumb","itemListElement":[{"@type":"ListItem","position":1,"name":"Home","item":"https:\/\/thuchanhseo.com\/"},{"@type":"ListItem","position":2,"name":"\u2600\ufe0fTOP KEM CH\u1ed0NG N\u1eaeNG CHO N\u00c0NG T\u1ef0 TIN CH\u00c1Y H\u1ebeT M\u00ccNH M\u00d9A H\u00c8!"}]},{"@type":"WebSite","@id":"https:\/\/thuchanhseo.com\/#website","url":"https:\/\/thuchanhseo.com\/","name":"Th\u1ef1c h\u00e0nh SEO","description":"","potentialAction":[{"@type":"SearchAction","target":{"@type":"EntryPoint","urlTemplate":"https:\/\/thuchanhseo.com\/?s={search_term_string}"},"query-input":{"@type":"PropertyValueSpecification","valueRequired":true,"valueName":"search_term_string"}}],"inLanguage":"en-US"}]}},"_links":{"self":[{"href":"https:\/\/thuchanhseo.com\/index.php?rest_route=\/wp\/v2\/pages\/2755","targetHints":{"allow":["GET"]}}],"collection":[{"href":"https:\/\/thuchanhseo.com\/index.php?rest_route=\/wp\/v2\/pages"}],"about":[{"href":"https:\/\/thuchanhseo.com\/index.php?rest_route=\/wp\/v2\/types\/page"}],"author":[{"embeddable":true,"href":"https:\/\/thuchanhseo.com\/index.php?rest_route=\/wp\/v2\/users\/11"}],"replies":[{"embeddable":true,"href":"https:\/\/thuchanhseo.com\/index.php?rest_route=%2Fwp%2Fv2%2Fcomments&post=2755"}],"version-history":[{"count":1,"href":"https:\/\/thuchanhseo.com\/index.php?rest_route=\/wp\/v2\/pages\/2755\/revisions"}],"predecessor-version":[{"id":2756,"href":"https:\/\/thuchanhseo.com\/index.php?rest_route=\/wp\/v2\/pages\/2755\/revisions\/2756"}],"wp:attachment":[{"href":"https:\/\/thuchanhseo.com\/index.php?rest_route=%2Fwp%2Fv2%2Fmedia&parent=2755"}],"curies":[{"name":"wp","href":"https:\/\/api.w.org\/{rel}","templated":true}]}}