{"id":26,"date":"2025-05-22T04:43:05","date_gmt":"2025-05-22T04:43:05","guid":{"rendered":"https:\/\/thuchanhseo.com\/?page_id=26"},"modified":"2025-05-30T03:44:29","modified_gmt":"2025-05-30T03:44:29","slug":"tin-tuc","status":"publish","type":"page","link":"https:\/\/thuchanhseo.com\/?page_id=26","title":{"rendered":"Tin t\u1ee9c"},"content":{"rendered":"\n<p><strong>Du L\u1ecbch Tr\u00e0 Xanh Th\u00e1i Nguy\u00ean B\u00f9ng N\u1ed5: Khi V\u00f9ng Ch\u00e8 Tr\u1edf Th\u00e0nh \u0110i\u1ec3m \u0110\u1ebfn Tr\u1ea3i Nghi\u1ec7m V\u0103n <\/strong>H\u00f3a.<\/p>\n\n\n\n<p>Du l\u1ecbch tr\u00e0 xanh Th\u00e1i Nguy\u00ean \u0111ang tr\u1edf th\u00e0nh xu h\u01b0\u1edbng v\u1edbi c\u00e1c tour tr\u1ea3i nghi\u1ec7m h\u00e1i ch\u00e8, sao ch\u00e8 th\u1ee7 c\u00f4ng v\u00e0 th\u01b0\u1edfng tr\u00e0 t\u1ea1i v\u00f9ng \u0110\u1ea1i T\u1eeb, T\u00e2n C\u01b0\u01a1ng, La B\u1eb1ng.<\/p>\n\n\n\n<figure class=\"wp-block-image aligncenter size-full\"><img fetchpriority=\"high\" decoding=\"async\" width=\"461\" height=\"298\" src=\"https:\/\/thuchanhseo.com\/wp-content\/uploads\/2025\/05\/du-lich-doi-che.jpg\" alt=\"\" class=\"wp-image-64\" srcset=\"https:\/\/thuchanhseo.com\/wp-content\/uploads\/2025\/05\/du-lich-doi-che.jpg 461w, https:\/\/thuchanhseo.com\/wp-content\/uploads\/2025\/05\/du-lich-doi-che-300x194.jpg 300w\" sizes=\"(max-width: 461px) 100vw, 461px\" \/><figcaption class=\"wp-element-caption\"><a href=\"https:\/\/vietnamtourism.gov.vn\/post\/50492\">Du l\u1ecbch tr\u00e0 xanh Th\u00e1i Nguy\u00ean<\/a><\/figcaption><\/figure>\n\n\n\n<h2 class=\"wp-block-heading\">Tr\u1ea3i nghi\u1ec7m tr\u00e0 xanh \u2013 Xu h\u01b0\u1edbng du l\u1ecbch m\u1edbi t\u1ea1i Th\u00e1i Nguy\u00ean<\/h2>\n\n\n\n<p>Kh\u00f4ng ch\u1ec9 n\u1ed5i ti\u1ebfng v\u1edbi \u0111\u1eb7c s\u1ea3n tr\u00e0 xanh, Th\u00e1i Nguy\u00ean hi\u1ec7n \u0111ang thu h\u00fat du kh\u00e1ch v\u1edbi lo\u1ea1i h\u00ecnh <strong>du l\u1ecbch n\u00f4ng nghi\u1ec7p k\u1ebft h\u1ee3p v\u0103n h\u00f3a tr\u00e0<\/strong>. T\u1eeb \u0111\u1ea7u n\u0103m 2025, c\u00e1c tour tr\u1ea3i nghi\u1ec7m t\u1ea1i v\u00f9ng ch\u00e8 La B\u1eb1ng, \u0110\u1ea1i T\u1eeb v\u00e0 T\u00e2n C\u01b0\u01a1ng \u0111\u01b0\u1ee3c t\u1ed5 ch\u1ee9c li\u00ean t\u1ee5c, mang \u0111\u1ebfn cho du kh\u00e1ch c\u01a1 h\u1ed9i \u201cl\u00e0m n\u00f4ng d\u00e2n m\u1ed9t ng\u00e0y\u201d v\u00e0 hi\u1ec3u h\u01a1n v\u1ec1 quy tr\u00ecnh s\u1ea3n xu\u1ea5t tr\u00e0.<\/p>\n\n\n\n<h2 class=\"wp-block-heading\">H\u00e1i ch\u00e8 \u2013 Sao ch\u00e8 \u2013 Th\u01b0\u1edfng tr\u00e0<\/h2>\n\n\n\n<p>Kh\u00e1ch tham quan s\u1ebd \u0111\u01b0\u1ee3c:<\/p>\n\n\n\n<ul class=\"wp-block-list\">\n<li>Tham gia h\u00e1i ch\u00e8 s\u00e1ng s\u1edbm c\u00f9ng ng\u01b0\u1eddi b\u1ea3n \u0111\u1ecba<\/li>\n\n\n\n<li>Tr\u1ea3i nghi\u1ec7m sao ch\u00e8 b\u1eb1ng tay tr\u00ean ch\u1ea3o gang truy\u1ec1n th\u1ed1ng<\/li>\n\n\n\n<li>Ng\u1ed3i th\u01b0\u1edfng tr\u00e0 trong kh\u00f4ng gian nh\u00e0 s\u00e0n, l\u1eafng nghe ngh\u1ec7 nh\u00e2n k\u1ec3 chuy\u1ec7n v\u1ec1 tr\u00e0<\/li>\n<\/ul>\n\n\n\n<p>\u0110\u1eb7c bi\u1ec7t, nhi\u1ec1u tour c\u00f3 k\u1ebft h\u1ee3p <em>ch\u1ee5p \u1ea3nh v\u1edbi trang ph\u1ee5c d\u00e2n t\u1ed9c<\/em>, quay video TikTok v\u00e0 t\u1ed5 ch\u1ee9c <strong>tea workshop mini<\/strong> cho du kh\u00e1ch tr\u1ebb.<\/p>\n\n\n\n<figure class=\"wp-block-image aligncenter size-full is-resized\"><img decoding=\"async\" width=\"624\" height=\"403\" src=\"https:\/\/thuchanhseo.com\/wp-content\/uploads\/2025\/05\/chethainguyen3-04042022-1.jpg\" alt=\"\" class=\"wp-image-65\" style=\"width:520px;height:auto\" srcset=\"https:\/\/thuchanhseo.com\/wp-content\/uploads\/2025\/05\/chethainguyen3-04042022-1.jpg 624w, https:\/\/thuchanhseo.com\/wp-content\/uploads\/2025\/05\/chethainguyen3-04042022-1-300x194.jpg 300w\" sizes=\"(max-width: 624px) 100vw, 624px\" \/><\/figure>\n\n\n\n<h2 class=\"wp-block-heading\">Greenleaf Tea \u2013 \u0111\u01a1n v\u1ecb ti\u00ean phong ph\u00e1t tri\u1ec3n du l\u1ecbch tr\u00e0<\/h2>\n\n\n\n<p>L\u00e0 m\u1ed9t trong nh\u1eefng th\u01b0\u01a1ng hi\u1ec7u tr\u00e0 cao c\u1ea5p, <strong>Greenleaf Tea<\/strong> kh\u00f4ng ch\u1ec9 s\u1ea3n xu\u1ea5t tr\u00e0 m\u00e0 c\u00f2n khai th\u00e1c hi\u1ec7u qu\u1ea3 ti\u1ec1m n\u0103ng du l\u1ecbch sinh th\u00e1i. Trang tr\u1ea1i tr\u00e0 h\u1eefu c\u01a1 c\u1ee7a Greenleaf t\u1ea1i La B\u1eb1ng hi\u1ec7n \u0111ang l\u00e0 \u0111i\u1ec3m \u0111\u1ebfn y\u00eau th\u00edch c\u1ee7a c\u00e1c nh\u00f3m gia \u0111\u00ecnh v\u00e0 sinh vi\u00ean.<\/p>\n\n\n\n<h2 class=\"wp-block-heading\">Li\u00ean k\u1ebft n\u00f4ng d\u00e2n \u2013 doanh nghi\u1ec7p \u2013 du l\u1ecbch<\/h2>\n\n\n\n<p>M\u00f4 h\u00ecnh m\u1edbi n\u00e0y \u0111ang g\u00f3p ph\u1ea7n n\u00e2ng cao thu nh\u1eadp cho n\u00f4ng d\u00e2n, \u0111\u1ed3ng th\u1eddi qu\u1ea3ng b\u00e1 h\u00ecnh \u1ea3nh tr\u00e0 Th\u00e1i Nguy\u00ean m\u1ed9t c\u00e1ch t\u1ef1 nhi\u00ean v\u00e0 g\u1ea7n g\u0169i. Theo th\u1ed1ng k\u00ea c\u1ee7a S\u1edf Du l\u1ecbch Th\u00e1i Nguy\u00ean, <strong>l\u01b0\u1ee3t kh\u00e1ch \u0111\u1ebfn v\u00f9ng ch\u00e8 t\u0103ng 35% so v\u1edbi n\u0103m 2024<\/strong>.<\/p>\n\n\n\n<h2 class=\"wp-block-heading\">Th\u00e1i Nguy\u00ean \u2013 Kh\u00f4ng ch\u1ec9 l\u00e0 v\u00f9ng tr\u00e0, m\u00e0 l\u00e0 \u0111i\u1ec3m \u0111\u1ebfn v\u0103n h\u00f3a<\/h2>\n\n\n\n<p>Kh\u00f4ng gian xanh, kh\u00f4ng kh\u00ed trong l\u00e0nh v\u00e0 gi\u00e1 tr\u1ecb truy\u1ec1n th\u1ed1ng l\u00e0 y\u1ebfu t\u1ed1 gi\u00fap du l\u1ecbch tr\u00e0 Th\u00e1i Nguy\u00ean ph\u00e1t tri\u1ec3n b\u1ec1n v\u1eefng. \u0110\u00e2y l\u00e0 c\u01a1 h\u1ed9i \u0111\u1ec3 <strong>tr\u00e0 xanh Vi\u1ec7t v\u01b0\u01a1n t\u1ea7m<\/strong> kh\u00f4ng ch\u1ec9 v\u1ec1 ch\u1ea5t l\u01b0\u1ee3ng s\u1ea3n ph\u1ea9m m\u00e0 c\u00f2n v\u1ec1 tr\u1ea3i nghi\u1ec7m v\u0103n h\u00f3a \u2013 du l\u1ecbch.<\/p>\n\n\n\n<p>Th\u00f4ng tin \u0111\u0103ng k\u00fd<\/p>\n\n\n\n<div class=\"wpcf7 no-js\" id=\"wpcf7-f491-o1\" lang=\"en-US\" dir=\"ltr\" data-wpcf7-id=\"491\">\n<div class=\"screen-reader-response\"><p role=\"status\" aria-live=\"polite\" aria-atomic=\"true\"><\/p> <ul><\/ul><\/div>\n<form action=\"\/index.php?rest_route=%2Fwp%2Fv2%2Fpages%2F26#wpcf7-f491-o1\" method=\"post\" class=\"wpcf7-form init\" aria-label=\"Contact form\" novalidate=\"novalidate\" data-status=\"init\">\n<div style=\"display: none;\">\n<input type=\"hidden\" name=\"_wpcf7\" value=\"491\" \/>\n<input type=\"hidden\" name=\"_wpcf7_version\" value=\"6.0.6\" \/>\n<input type=\"hidden\" name=\"_wpcf7_locale\" value=\"en_US\" \/>\n<input type=\"hidden\" name=\"_wpcf7_unit_tag\" value=\"wpcf7-f491-o1\" \/>\n<input type=\"hidden\" name=\"_wpcf7_container_post\" value=\"0\" \/>\n<input type=\"hidden\" name=\"_wpcf7_posted_data_hash\" value=\"\" \/>\n<\/div>\n<p><label> T\u00ean c\u1ee7a b\u1ea1n<br \/>\n<span class=\"wpcf7-form-control-wrap\" data-name=\"your-name\"><input size=\"40\" maxlength=\"400\" class=\"wpcf7-form-control wpcf7-text wpcf7-validates-as-required\" autocomplete=\"name\" aria-required=\"true\" aria-invalid=\"false\" value=\"\" type=\"text\" name=\"your-name\" \/><\/span> <\/label>\n<\/p>\n<p><label> \u0110\u1ecba ch\u1ec9 email<br \/>\n<span class=\"wpcf7-form-control-wrap\" data-name=\"your-email\"><input size=\"40\" maxlength=\"400\" class=\"wpcf7-form-control wpcf7-email wpcf7-validates-as-required wpcf7-text wpcf7-validates-as-email\" autocomplete=\"email\" aria-required=\"true\" aria-invalid=\"false\" value=\"\" type=\"email\" name=\"your-email\" \/><\/span> <\/label>\n<\/p>\n<p><label> N\u1ed9i dung li\u00ean h\u1ec7<br \/>\n<span class=\"wpcf7-form-control-wrap\" data-name=\"your-subject\"><input size=\"40\" maxlength=\"400\" class=\"wpcf7-form-control wpcf7-text wpcf7-validates-as-required\" aria-required=\"true\" aria-invalid=\"false\" placeholder=\"N\u1ed9i dung li\u00ean h\u1ec7\" value=\"\" type=\"text\" name=\"your-subject\" \/><\/span> <\/label>\n<\/p>\n<p><label> S\u1ed1 \u0111i\u1ec7n tho\u1ea1i c\u1ee7a b\u1ea1n<br \/>\n<span class=\"wpcf7-form-control-wrap\" data-name=\"tel-71\"><input size=\"40\" maxlength=\"400\" class=\"wpcf7-form-control wpcf7-tel wpcf7-validates-as-required wpcf7-text wpcf7-validates-as-tel\" aria-required=\"true\" aria-invalid=\"false\" placeholder=\"S\u1ed1 \u0111i\u1ec7n tho\u1ea1i c\u1ee7a b\u1ea1n\" value=\"\" type=\"tel\" name=\"tel-71\" \/><\/span> <\/label>\n<\/p>\n<p><label> L\u1ef1a ch\u1ecdn li\u00ean h\u1ec7<br \/>\n<span class=\"wpcf7-form-control-wrap\" data-name=\"select-104\"><select class=\"wpcf7-form-control wpcf7-select\" aria-invalid=\"false\" name=\"select-104\"><option value=\"T\u01b0 v\u1ea5n 1-1\">T\u01b0 v\u1ea5n 1-1<\/option><option value=\"Chu\u1ea9n SEO web\">Chu\u1ea9n SEO web<\/option><option value=\"Vi\u1ebft b\u00e0i chu\u1ea9n SEO\">Vi\u1ebft b\u00e0i chu\u1ea9n SEO<\/option><option value=\"Email marketing\">Email marketing<\/option><option value=\"Content\">Content<\/option><\/select><\/span> <\/label>\n<\/p>\n<p><label> G\u1eedi tin nh\u1eafn cho ch\u00fang t\u00f4i (optional)<br \/>\n<span class=\"wpcf7-form-control-wrap\" data-name=\"your-message\"><textarea cols=\"40\" rows=\"10\" maxlength=\"2000\" class=\"wpcf7-form-control wpcf7-textarea\" aria-invalid=\"false\" name=\"your-message\"><\/textarea><\/span> <\/label>\n<\/p>\n<p><input class=\"wpcf7-form-control wpcf7-submit has-spinner\" type=\"submit\" value=\"Submit\" \/>\n<\/p><div class=\"wpcf7-response-output\" aria-hidden=\"true\"><\/div>\n<\/form>\n<\/div>\n\n","protected":false},"excerpt":{"rendered":"<p>Du L\u1ecbch Tr\u00e0 Xanh Th\u00e1i Nguy\u00ean B\u00f9ng N\u1ed5: Khi V\u00f9ng Ch\u00e8 Tr\u1edf Th\u00e0nh \u0110i\u1ec3m \u0110\u1ebfn Tr\u1ea3i Nghi\u1ec7m V\u0103n H\u00f3a. Du l\u1ecbch tr\u00e0 xanh Th\u00e1i Nguy\u00ean \u0111ang tr\u1edf th\u00e0nh xu h\u01b0\u1edbng v\u1edbi c\u00e1c tour tr\u1ea3i nghi\u1ec7m h\u00e1i ch\u00e8, sao ch\u00e8 th\u1ee7 c\u00f4ng v\u00e0 th\u01b0\u1edfng tr\u00e0 t\u1ea1i v\u00f9ng \u0110\u1ea1i T\u1eeb, T\u00e2n C\u01b0\u01a1ng, La B\u1eb1ng. Tr\u1ea3i nghi\u1ec7m tr\u00e0 [&hellip;]<\/p>\n","protected":false},"author":1,"featured_media":0,"parent":3,"menu_order":0,"comment_status":"closed","ping_status":"closed","template":"","meta":{"footnotes":""},"class_list":["post-26","page","type-page","status-publish","hentry"],"yoast_head":"<!-- This site is optimized with the Yoast SEO plugin v25.1 - https:\/\/yoast.com\/wordpress\/plugins\/seo\/ -->\n<title>Tin t\u1ee9c - Th\u1ef1c h\u00e0nh SEO<\/title>\n<meta name=\"robots\" content=\"index, follow, max-snippet:-1, max-image-preview:large, max-video-preview:-1\" \/>\n<link rel=\"canonical\" href=\"https:\/\/thuchanhseo.com\/?page_id=26\" \/>\n<meta property=\"og:locale\" content=\"en_US\" \/>\n<meta property=\"og:type\" content=\"article\" \/>\n<meta property=\"og:title\" content=\"Tin t\u1ee9c - Th\u1ef1c h\u00e0nh SEO\" \/>\n<meta property=\"og:description\" content=\"Du L\u1ecbch Tr\u00e0 Xanh Th\u00e1i Nguy\u00ean B\u00f9ng N\u1ed5: Khi V\u00f9ng Ch\u00e8 Tr\u1edf Th\u00e0nh \u0110i\u1ec3m \u0110\u1ebfn Tr\u1ea3i Nghi\u1ec7m V\u0103n H\u00f3a. Du l\u1ecbch tr\u00e0 xanh Th\u00e1i Nguy\u00ean \u0111ang tr\u1edf th\u00e0nh xu h\u01b0\u1edbng v\u1edbi c\u00e1c tour tr\u1ea3i nghi\u1ec7m h\u00e1i ch\u00e8, sao ch\u00e8 th\u1ee7 c\u00f4ng v\u00e0 th\u01b0\u1edfng tr\u00e0 t\u1ea1i v\u00f9ng \u0110\u1ea1i T\u1eeb, T\u00e2n C\u01b0\u01a1ng, La B\u1eb1ng. Tr\u1ea3i nghi\u1ec7m tr\u00e0 [&hellip;]\" \/>\n<meta property=\"og:url\" content=\"https:\/\/thuchanhseo.com\/?page_id=26\" \/>\n<meta property=\"og:site_name\" content=\"Th\u1ef1c h\u00e0nh SEO\" \/>\n<meta property=\"article:modified_time\" content=\"2025-05-30T03:44:29+00:00\" \/>\n<meta property=\"og:image\" content=\"https:\/\/thuchanhseo.com\/wp-content\/uploads\/2025\/05\/du-lich-doi-che.jpg\" \/>\n\t<meta property=\"og:image:width\" content=\"461\" \/>\n\t<meta property=\"og:image:height\" content=\"298\" \/>\n\t<meta property=\"og:image:type\" content=\"image\/jpeg\" \/>\n<meta name=\"twitter:card\" content=\"summary_large_image\" \/>\n<meta name=\"twitter:label1\" content=\"Est. reading time\" \/>\n\t<meta name=\"twitter:data1\" content=\"3 minutes\" \/>\n<script type=\"application\/ld+json\" class=\"yoast-schema-graph\">{\"@context\":\"https:\/\/schema.org\",\"@graph\":[{\"@type\":\"WebPage\",\"@id\":\"https:\/\/thuchanhseo.com\/?page_id=26\",\"url\":\"https:\/\/thuchanhseo.com\/?page_id=26\",\"name\":\"Tin t\u1ee9c - Th\u1ef1c h\u00e0nh SEO\",\"isPartOf\":{\"@id\":\"https:\/\/thuchanhseo.com\/#website\"},\"primaryImageOfPage\":{\"@id\":\"https:\/\/thuchanhseo.com\/?page_id=26#primaryimage\"},\"image\":{\"@id\":\"https:\/\/thuchanhseo.com\/?page_id=26#primaryimage\"},\"thumbnailUrl\":\"https:\/\/thuchanhseo.com\/wp-content\/uploads\/2025\/05\/du-lich-doi-che.jpg\",\"datePublished\":\"2025-05-22T04:43:05+00:00\",\"dateModified\":\"2025-05-30T03:44:29+00:00\",\"breadcrumb\":{\"@id\":\"https:\/\/thuchanhseo.com\/?page_id=26#breadcrumb\"},\"inLanguage\":\"en-US\",\"potentialAction\":[{\"@type\":\"ReadAction\",\"target\":[\"https:\/\/thuchanhseo.com\/?page_id=26\"]}]},{\"@type\":\"ImageObject\",\"inLanguage\":\"en-US\",\"@id\":\"https:\/\/thuchanhseo.com\/?page_id=26#primaryimage\",\"url\":\"https:\/\/thuchanhseo.com\/wp-content\/uploads\/2025\/05\/du-lich-doi-che.jpg\",\"contentUrl\":\"https:\/\/thuchanhseo.com\/wp-content\/uploads\/2025\/05\/du-lich-doi-che.jpg\",\"width\":461,\"height\":298,\"caption\":\"CREATOR: gd-jpeg v1.0 (using IJG JPEG v62), quality = 80\"},{\"@type\":\"BreadcrumbList\",\"@id\":\"https:\/\/thuchanhseo.com\/?page_id=26#breadcrumb\",\"itemListElement\":[{\"@type\":\"ListItem\",\"position\":1,\"name\":\"Home\",\"item\":\"https:\/\/thuchanhseo.com\/\"},{\"@type\":\"ListItem\",\"position\":2,\"name\":\"Greenleaf Tea\",\"item\":\"https:\/\/thuchanhseo.com\/?page_id=3\"},{\"@type\":\"ListItem\",\"position\":3,\"name\":\"Tin t\u1ee9c\"}]},{\"@type\":\"WebSite\",\"@id\":\"https:\/\/thuchanhseo.com\/#website\",\"url\":\"https:\/\/thuchanhseo.com\/\",\"name\":\"Th\u1ef1c h\u00e0nh SEO\",\"description\":\"\",\"potentialAction\":[{\"@type\":\"SearchAction\",\"target\":{\"@type\":\"EntryPoint\",\"urlTemplate\":\"https:\/\/thuchanhseo.com\/?s={search_term_string}\"},\"query-input\":{\"@type\":\"PropertyValueSpecification\",\"valueRequired\":true,\"valueName\":\"search_term_string\"}}],\"inLanguage\":\"en-US\"}]}<\/script>\n<!-- \/ Yoast SEO plugin. -->","yoast_head_json":{"title":"Tin t\u1ee9c - Th\u1ef1c h\u00e0nh SEO","robots":{"index":"index","follow":"follow","max-snippet":"max-snippet:-1","max-image-preview":"max-image-preview:large","max-video-preview":"max-video-preview:-1"},"canonical":"https:\/\/thuchanhseo.com\/?page_id=26","og_locale":"en_US","og_type":"article","og_title":"Tin t\u1ee9c - Th\u1ef1c h\u00e0nh SEO","og_description":"Du L\u1ecbch Tr\u00e0 Xanh Th\u00e1i Nguy\u00ean B\u00f9ng N\u1ed5: Khi V\u00f9ng Ch\u00e8 Tr\u1edf Th\u00e0nh \u0110i\u1ec3m \u0110\u1ebfn Tr\u1ea3i Nghi\u1ec7m V\u0103n H\u00f3a. Du l\u1ecbch tr\u00e0 xanh Th\u00e1i Nguy\u00ean \u0111ang tr\u1edf th\u00e0nh xu h\u01b0\u1edbng v\u1edbi c\u00e1c tour tr\u1ea3i nghi\u1ec7m h\u00e1i ch\u00e8, sao ch\u00e8 th\u1ee7 c\u00f4ng v\u00e0 th\u01b0\u1edfng tr\u00e0 t\u1ea1i v\u00f9ng \u0110\u1ea1i T\u1eeb, T\u00e2n C\u01b0\u01a1ng, La B\u1eb1ng. Tr\u1ea3i nghi\u1ec7m tr\u00e0 [&hellip;]","og_url":"https:\/\/thuchanhseo.com\/?page_id=26","og_site_name":"Th\u1ef1c h\u00e0nh SEO","article_modified_time":"2025-05-30T03:44:29+00:00","og_image":[{"width":461,"height":298,"url":"https:\/\/thuchanhseo.com\/wp-content\/uploads\/2025\/05\/du-lich-doi-che.jpg","type":"image\/jpeg"}],"twitter_card":"summary_large_image","twitter_misc":{"Est. reading time":"3 minutes"},"schema":{"@context":"https:\/\/schema.org","@graph":[{"@type":"WebPage","@id":"https:\/\/thuchanhseo.com\/?page_id=26","url":"https:\/\/thuchanhseo.com\/?page_id=26","name":"Tin t\u1ee9c - Th\u1ef1c h\u00e0nh SEO","isPartOf":{"@id":"https:\/\/thuchanhseo.com\/#website"},"primaryImageOfPage":{"@id":"https:\/\/thuchanhseo.com\/?page_id=26#primaryimage"},"image":{"@id":"https:\/\/thuchanhseo.com\/?page_id=26#primaryimage"},"thumbnailUrl":"https:\/\/thuchanhseo.com\/wp-content\/uploads\/2025\/05\/du-lich-doi-che.jpg","datePublished":"2025-05-22T04:43:05+00:00","dateModified":"2025-05-30T03:44:29+00:00","breadcrumb":{"@id":"https:\/\/thuchanhseo.com\/?page_id=26#breadcrumb"},"inLanguage":"en-US","potentialAction":[{"@type":"ReadAction","target":["https:\/\/thuchanhseo.com\/?page_id=26"]}]},{"@type":"ImageObject","inLanguage":"en-US","@id":"https:\/\/thuchanhseo.com\/?page_id=26#primaryimage","url":"https:\/\/thuchanhseo.com\/wp-content\/uploads\/2025\/05\/du-lich-doi-che.jpg","contentUrl":"https:\/\/thuchanhseo.com\/wp-content\/uploads\/2025\/05\/du-lich-doi-che.jpg","width":461,"height":298,"caption":"CREATOR: gd-jpeg v1.0 (using IJG JPEG v62), quality = 80"},{"@type":"BreadcrumbList","@id":"https:\/\/thuchanhseo.com\/?page_id=26#breadcrumb","itemListElement":[{"@type":"ListItem","position":1,"name":"Home","item":"https:\/\/thuchanhseo.com\/"},{"@type":"ListItem","position":2,"name":"Greenleaf Tea","item":"https:\/\/thuchanhseo.com\/?page_id=3"},{"@type":"ListItem","position":3,"name":"Tin t\u1ee9c"}]},{"@type":"WebSite","@id":"https:\/\/thuchanhseo.com\/#website","url":"https:\/\/thuchanhseo.com\/","name":"Th\u1ef1c h\u00e0nh SEO","description":"","potentialAction":[{"@type":"SearchAction","target":{"@type":"EntryPoint","urlTemplate":"https:\/\/thuchanhseo.com\/?s={search_term_string}"},"query-input":{"@type":"PropertyValueSpecification","valueRequired":true,"valueName":"search_term_string"}}],"inLanguage":"en-US"}]}},"_links":{"self":[{"href":"https:\/\/thuchanhseo.com\/index.php?rest_route=\/wp\/v2\/pages\/26","targetHints":{"allow":["GET"]}}],"collection":[{"href":"https:\/\/thuchanhseo.com\/index.php?rest_route=\/wp\/v2\/pages"}],"about":[{"href":"https:\/\/thuchanhseo.com\/index.php?rest_route=\/wp\/v2\/types\/page"}],"author":[{"embeddable":true,"href":"https:\/\/thuchanhseo.com\/index.php?rest_route=\/wp\/v2\/users\/1"}],"replies":[{"embeddable":true,"href":"https:\/\/thuchanhseo.com\/index.php?rest_route=%2Fwp%2Fv2%2Fcomments&post=26"}],"version-history":[{"count":3,"href":"https:\/\/thuchanhseo.com\/index.php?rest_route=\/wp\/v2\/pages\/26\/revisions"}],"predecessor-version":[{"id":492,"href":"https:\/\/thuchanhseo.com\/index.php?rest_route=\/wp\/v2\/pages\/26\/revisions\/492"}],"up":[{"embeddable":true,"href":"https:\/\/thuchanhseo.com\/index.php?rest_route=\/wp\/v2\/pages\/3"}],"wp:attachment":[{"href":"https:\/\/thuchanhseo.com\/index.php?rest_route=%2Fwp%2Fv2%2Fmedia&parent=26"}],"curies":[{"name":"wp","href":"https:\/\/api.w.org\/{rel}","templated":true}]}}