{"id":1244,"date":"2025-06-04T17:00:15","date_gmt":"2025-06-04T17:00:15","guid":{"rendered":"https:\/\/thuchanhseo.com\/?page_id=1244"},"modified":"2025-06-08T17:28:47","modified_gmt":"2025-06-08T17:28:47","slug":"thong-bao","status":"publish","type":"page","link":"https:\/\/thuchanhseo.com\/?page_id=1244","title":{"rendered":"Th\u00f4ng b\u00e1o"},"content":{"rendered":"\n<div class=\"wp-block-group alignfull is-style-section-1 has-global-padding is-layout-constrained wp-block-group-is-layout-constrained is-style-section-1--1\" style=\"margin-top:0;margin-bottom:0;padding-top:0;padding-bottom:0\">\n<div class=\"wp-block-columns alignwide is-layout-flex wp-container-core-columns-is-layout-66fad18a wp-block-columns-is-layout-flex\">\n<div class=\"wp-block-column is-layout-flow wp-block-column-is-layout-flow\" style=\"padding-right:var(--wp--preset--spacing--50);flex-basis:45%\">\n<figure class=\"wp-block-image size-full is-resized\"><a href=\"Kh\u00e1m ph\u00e1 b\u1ed9 s\u01b0u t\u1eadp m\u1edbi v\u1edbi nh\u1eefng thi\u1ebft k\u1ebf hi\u1ec7n \u0111\u1ea1i, b\u1eaft trend v\u00e0 ph\u00f9 h\u1ee3p v\u1edbi m\u1ecdi phong c\u00e1ch trong m\u00f9a m\u1edbi.\"><img fetchpriority=\"high\" decoding=\"async\" width=\"852\" height=\"1280\" src=\"https:\/\/thuchanhseo.com\/wp-content\/uploads\/2025\/06\/z6672744791757_d884a96e0aa0c573303f632f66dcfe6f.jpg\" alt=\"\" class=\"wp-image-1296\" style=\"width:445px;height:auto\" srcset=\"https:\/\/thuchanhseo.com\/wp-content\/uploads\/2025\/06\/z6672744791757_d884a96e0aa0c573303f632f66dcfe6f.jpg 852w, https:\/\/thuchanhseo.com\/wp-content\/uploads\/2025\/06\/z6672744791757_d884a96e0aa0c573303f632f66dcfe6f-200x300.jpg 200w, https:\/\/thuchanhseo.com\/wp-content\/uploads\/2025\/06\/z6672744791757_d884a96e0aa0c573303f632f66dcfe6f-682x1024.jpg 682w, https:\/\/thuchanhseo.com\/wp-content\/uploads\/2025\/06\/z6672744791757_d884a96e0aa0c573303f632f66dcfe6f-768x1154.jpg 768w\" sizes=\"(max-width: 852px) 100vw, 852px\" \/><\/a><\/figure>\n\n\n\n<div class=\"wp-block-group has-global-padding is-layout-constrained wp-block-group-is-layout-constrained\" style=\"margin-top:-12vw\">\n<figure class=\"wp-block-image alignright size-full is-resized\" style=\"margin-right:-5vw;margin-left:-5vw\"><img decoding=\"async\" width=\"852\" height=\"1280\" src=\"https:\/\/thuchanhseo.com\/wp-content\/uploads\/2025\/06\/z6672744793489_7693c8f18f6ba107af2a05b550cf0697.jpg\" alt=\"\" class=\"wp-image-1297\" style=\"width:274px;height:auto\" srcset=\"https:\/\/thuchanhseo.com\/wp-content\/uploads\/2025\/06\/z6672744793489_7693c8f18f6ba107af2a05b550cf0697.jpg 852w, https:\/\/thuchanhseo.com\/wp-content\/uploads\/2025\/06\/z6672744793489_7693c8f18f6ba107af2a05b550cf0697-200x300.jpg 200w, https:\/\/thuchanhseo.com\/wp-content\/uploads\/2025\/06\/z6672744793489_7693c8f18f6ba107af2a05b550cf0697-682x1024.jpg 682w, https:\/\/thuchanhseo.com\/wp-content\/uploads\/2025\/06\/z6672744793489_7693c8f18f6ba107af2a05b550cf0697-768x1154.jpg 768w\" sizes=\"(max-width: 852px) 100vw, 852px\" \/><\/figure>\n<\/div>\n<\/div>\n\n\n\n<div class=\"wp-block-column is-vertically-aligned-center is-layout-flow wp-block-column-is-layout-flow\" style=\"padding-right:0;padding-left:0;flex-basis:50%\">\n<p class=\"is-style-text-subtitle is-style-text-subtitle--2\"><a href=\"http:\/\/Kh\u00e1m ph\u00e1 b\u1ed9 s\u01b0u t\u1eadp m\u1edbi v\u1edbi nh\u1eefng thi\u1ebft k\u1ebf hi\u1ec7n \u0111\u1ea1i, b\u1eaft trend v\u00e0 ph\u00f9 h\u1ee3p v\u1edbi m\u1ecdi phong c\u00e1ch trong m\u00f9a m\u1edbi.\">B\u1ed9 s\u01b0u t\u1eadp m\u1edbi \u201cLumi\u00e8re Froide\u201d 5\/2025<\/a><br>Kh\u00e1m ph\u00e1 b\u1ed9 s\u01b0u t\u1eadp m\u1edbi v\u1edbi nh\u1eefng thi\u1ebft k\u1ebf hi\u1ec7n \u0111\u1ea1i, b\u1eaft trend v\u00e0 ph\u00f9 h\u1ee3p v\u1edbi m\u1ecdi phong c\u00e1ch trong m\u00f9a m\u1edbi.<br><\/p>\n<\/div>\n<\/div>\n<\/div>\n\n\n\n<div class=\"wp-block-group alignfull has-global-padding is-layout-constrained wp-container-core-group-is-layout-ebee8dc1 wp-block-group-is-layout-constrained\" style=\"margin-top:0;margin-bottom:0;padding-top:var(--wp--preset--spacing--50);padding-bottom:var(--wp--preset--spacing--50)\">\n<h2 class=\"wp-block-heading alignwide\">Th\u00f4ng tin m\u1edbi<\/h2>\n\n\n\n<div class=\"wp-block-columns alignwide is-layout-flex wp-container-core-columns-is-layout-28f84493 wp-block-columns-is-layout-flex\">\n<div class=\"wp-block-column is-layout-flow wp-block-column-is-layout-flow\">\n<figure class=\"wp-block-image size-full\" style=\"margin-bottom:24px\"><a href=\"https:\/\/thuchanhseo.com\/?p=497\"><img decoding=\"async\" width=\"705\" height=\"787\" src=\"https:\/\/thuchanhseo.com\/wp-content\/uploads\/2025\/06\/11-3.jpg\" alt=\"\" class=\"wp-image-1369\" style=\"aspect-ratio:4\/3;object-fit:cover\" srcset=\"https:\/\/thuchanhseo.com\/wp-content\/uploads\/2025\/06\/11-3.jpg 705w, https:\/\/thuchanhseo.com\/wp-content\/uploads\/2025\/06\/11-3-269x300.jpg 269w\" sizes=\"(max-width: 705px) 100vw, 705px\" \/><\/a><\/figure>\n\n\n\n<h3 class=\"wp-block-heading\"><a href=\"https:\/\/thuchanhseo.com\/?p=497\">M\u00f9a Sale Hanawear<\/a>: \u01afu \u0110\u00e3i Th\u1eddi Trang N\u1eef Gi\u1ea3m \u0110\u1ebfn 50%<br><\/h3>\n\n\n\n<p class=\"has-medium-font-size\">M\u00f9a sale Hanawear \u0111\u00e3 b\u1eaft \u0111\u1ea7u! S\u0103n qu\u1ea7n \u00e1o \u0111\u1eb9p, gi\u00e1 t\u1ed1t, gi\u1ea3m \u0111\u1ebfn 50%. Freeship to\u00e0n qu\u1ed1c, t\u1eb7ng voucher &amp; \u01b0u \u0111\u00e3i cho kh\u00e1ch m\u1edbi.<\/p>\n<\/div>\n\n\n\n<div class=\"wp-block-column is-layout-flow wp-block-column-is-layout-flow\">\n<figure class=\"wp-block-image size-full\" style=\"margin-bottom:24px\"><a href=\"https:\/\/thuchanhseo.com\/?p=832\"><img loading=\"lazy\" decoding=\"async\" width=\"736\" height=\"1310\" src=\"https:\/\/thuchanhseo.com\/wp-content\/uploads\/2025\/06\/outfit-1-1.jpg\" alt=\"\" class=\"wp-image-1371\" style=\"aspect-ratio:4\/3;object-fit:cover\" srcset=\"https:\/\/thuchanhseo.com\/wp-content\/uploads\/2025\/06\/outfit-1-1.jpg 736w, https:\/\/thuchanhseo.com\/wp-content\/uploads\/2025\/06\/outfit-1-1-169x300.jpg 169w, https:\/\/thuchanhseo.com\/wp-content\/uploads\/2025\/06\/outfit-1-1-575x1024.jpg 575w\" sizes=\"(max-width: 736px) 100vw, 736px\" \/><\/a><\/figure>\n\n\n\n<h3 class=\"wp-block-heading\"><a href=\"https:\/\/thuchanhseo.com\/?p=832\">V\u00e1y Hoa Nh\u00ed &#8211; G\u1ee3i \u00dd V\u00e1y Xinh M\u00f9a H\u00e8<\/a><\/h3>\n\n\n\n<p class=\"has-medium-font-size\">V\u00e1y hoa nh\u00ed l\u00e0 item hot nh\u1ea5t m\u00f9a h\u00e8 2025. Kh\u00e1m ph\u00e1 3 ki\u1ec3u v\u00e1y hoa \u0111\u1eb9p, m\u00e1t, d\u1ec5 m\u1eb7c v\u00e0 c\u00e1ch ph\u1ed1i \u0111\u1ed3 chu\u1ea9n n\u00e0ng th\u01a1 c\u00f9ng HanaWear<\/p>\n<\/div>\n\n\n\n<div class=\"wp-block-column is-layout-flow wp-block-column-is-layout-flow\">\n<figure class=\"wp-block-image size-full\" style=\"margin-bottom:24px\"><a href=\"https:\/\/thuchanhseo.com\/?p=422\"><img loading=\"lazy\" decoding=\"async\" width=\"736\" height=\"1007\" src=\"https:\/\/thuchanhseo.com\/wp-content\/uploads\/2025\/06\/22-1.jpg\" alt=\"\" class=\"wp-image-1372\" style=\"aspect-ratio:4\/3;object-fit:cover\" srcset=\"https:\/\/thuchanhseo.com\/wp-content\/uploads\/2025\/06\/22-1.jpg 736w, https:\/\/thuchanhseo.com\/wp-content\/uploads\/2025\/06\/22-1-219x300.jpg 219w\" sizes=\"(max-width: 736px) 100vw, 736px\" \/><\/a><\/figure>\n\n\n\n<h3 class=\"wp-block-heading\"><a href=\"https:\/\/thuchanhseo.com\/?p=422\">Xu h\u01b0\u1edbng th\u1eddi trang n\u1eef t\u1ed1i gi\u1ea3n: L\u00ean ng\u00f4i nh\u1edd s\u1ef1 tinh t\u1ebf<\/a><\/h3>\n\n\n\n<p class=\"has-medium-font-size\">H\u00e8 \u0111\u1ebfn r\u1ed3i, c\u00f9ng HanaWear kh\u00e1m ph\u00e1 c\u00e1c xu h\u01b0\u1edbng th\u1eddi trang n\u1eef n\u1ed5i b\u1eadt<\/p>\n<\/div>\n<\/div>\n<\/div>\n\n\n\n<div class=\"wp-block-group alignfull has-global-padding is-layout-constrained wp-block-group-is-layout-constrained\" style=\"margin-top:0;margin-bottom:0;padding-top:var(--wp--preset--spacing--60);padding-bottom:var(--wp--preset--spacing--60)\">\n<div class=\"wp-block-columns alignwide is-layout-flex wp-container-core-columns-is-layout-74b2cda3 wp-block-columns-is-layout-flex\">\n<div class=\"wp-block-column is-layout-flow wp-block-column-is-layout-flow\">\n<div class=\"wp-block-group is-vertical is-content-justification-left is-layout-flex wp-container-core-group-is-layout-7ce391b6 wp-block-group-is-layout-flex\" style=\"min-height:100%\">\n<h2 class=\"wp-block-heading is-style-text-annotation has-x-small-font-size is-style-text-annotation--3\">What people are saying<\/h2>\n\n\n\n<blockquote class=\"wp-block-quote is-style-plain has-x-large-font-size is-layout-flow wp-container-core-quote-is-layout-5dafc681 wp-block-quote-is-layout-flow is-style-plain--4\" style=\"font-style:normal;font-weight:400\">\n<div class=\"wp-block-group has-global-padding is-content-justification-left is-layout-constrained wp-container-core-group-is-layout-085bd3d9 wp-block-group-is-layout-constrained\" style=\"margin-top:0;margin-bottom:0;padding-top:0;padding-right:0;padding-bottom:0;padding-left:0\">\n<p class=\"has-xx-large-font-size\">Mix \u0110\u1ed3 \u0110i Bi\u1ec3n V\u1eeba Xinh V\u1eeba Sang \u2013 Kh\u00f4ng Lo N\u1eafng H\u00e8<\/p>\n<\/div>\n<cite><a href=\"https:\/\/thuchanhseo.com\/?p=92\">HanaWear<\/a><\/cite><\/blockquote>\n<\/div>\n<\/div>\n\n\n\n<div class=\"wp-block-column is-layout-flow wp-block-column-is-layout-flow\" style=\"padding-top:0;padding-right:0;padding-bottom:0;padding-left:0\">\n<figure class=\"wp-block-image size-full\"><a href=\"https:\/\/thuchanhseo.com\/?p=92\"><img loading=\"lazy\" decoding=\"async\" width=\"720\" height=\"960\" src=\"https:\/\/thuchanhseo.com\/wp-content\/uploads\/2025\/06\/vinh-hy.jpg\" alt=\"\" class=\"wp-image-1268\" style=\"aspect-ratio:1;object-fit:cover\" srcset=\"https:\/\/thuchanhseo.com\/wp-content\/uploads\/2025\/06\/vinh-hy.jpg 720w, https:\/\/thuchanhseo.com\/wp-content\/uploads\/2025\/06\/vinh-hy-225x300.jpg 225w\" sizes=\"(max-width: 720px) 100vw, 720px\" \/><\/a><\/figure>\n<\/div>\n<\/div>\n<\/div>\n\n\n\n<p><\/p>\n","protected":false},"excerpt":{"rendered":"<p>B\u1ed9 s\u01b0u t\u1eadp m\u1edbi \u201cLumi\u00e8re Froide\u201d 5\/2025Kh\u00e1m ph\u00e1 b\u1ed9 s\u01b0u t\u1eadp m\u1edbi v\u1edbi nh\u1eefng thi\u1ebft k\u1ebf hi\u1ec7n \u0111\u1ea1i, b\u1eaft trend v\u00e0 ph\u00f9 h\u1ee3p v\u1edbi m\u1ecdi phong c\u00e1ch trong m\u00f9a m\u1edbi. Th\u00f4ng tin m\u1edbi M\u00f9a Sale Hanawear: \u01afu \u0110\u00e3i Th\u1eddi Trang N\u1eef Gi\u1ea3m \u0110\u1ebfn 50% M\u00f9a sale Hanawear \u0111\u00e3 b\u1eaft \u0111\u1ea7u! S\u0103n qu\u1ea7n \u00e1o \u0111\u1eb9p, gi\u00e1 [&hellip;]<\/p>\n","protected":false},"author":7,"featured_media":0,"parent":1248,"menu_order":3,"comment_status":"closed","ping_status":"closed","template":"","meta":{"footnotes":""},"class_list":["post-1244","page","type-page","status-publish","hentry"],"yoast_head":"<!-- This site is optimized with the Yoast SEO plugin v25.1 - https:\/\/yoast.com\/wordpress\/plugins\/seo\/ -->\n<title>Th\u00f4ng b\u00e1o - Th\u1ef1c h\u00e0nh SEO<\/title>\n<meta name=\"robots\" content=\"index, follow, max-snippet:-1, max-image-preview:large, max-video-preview:-1\" \/>\n<link rel=\"canonical\" href=\"https:\/\/thuchanhseo.com\/?page_id=1244\" \/>\n<meta property=\"og:locale\" content=\"en_US\" \/>\n<meta property=\"og:type\" content=\"article\" \/>\n<meta property=\"og:title\" content=\"Th\u00f4ng b\u00e1o - Th\u1ef1c h\u00e0nh SEO\" \/>\n<meta property=\"og:description\" content=\"B\u1ed9 s\u01b0u t\u1eadp m\u1edbi \u201cLumi\u00e8re Froide\u201d 5\/2025Kh\u00e1m ph\u00e1 b\u1ed9 s\u01b0u t\u1eadp m\u1edbi v\u1edbi nh\u1eefng thi\u1ebft k\u1ebf hi\u1ec7n \u0111\u1ea1i, b\u1eaft trend v\u00e0 ph\u00f9 h\u1ee3p v\u1edbi m\u1ecdi phong c\u00e1ch trong m\u00f9a m\u1edbi. Th\u00f4ng tin m\u1edbi M\u00f9a Sale Hanawear: \u01afu \u0110\u00e3i Th\u1eddi Trang N\u1eef Gi\u1ea3m \u0110\u1ebfn 50% M\u00f9a sale Hanawear \u0111\u00e3 b\u1eaft \u0111\u1ea7u! S\u0103n qu\u1ea7n \u00e1o \u0111\u1eb9p, gi\u00e1 [&hellip;]\" \/>\n<meta property=\"og:url\" content=\"https:\/\/thuchanhseo.com\/?page_id=1244\" \/>\n<meta property=\"og:site_name\" content=\"Th\u1ef1c h\u00e0nh SEO\" \/>\n<meta property=\"article:modified_time\" content=\"2025-06-08T17:28:47+00:00\" \/>\n<meta property=\"og:image\" content=\"https:\/\/thuchanhseo.com\/wp-content\/uploads\/2025\/06\/z6672744791757_d884a96e0aa0c573303f632f66dcfe6f.jpg\" \/>\n\t<meta property=\"og:image:width\" content=\"852\" \/>\n\t<meta property=\"og:image:height\" content=\"1280\" \/>\n\t<meta property=\"og:image:type\" content=\"image\/jpeg\" \/>\n<meta name=\"twitter:card\" content=\"summary_large_image\" \/>\n<meta name=\"twitter:label1\" content=\"Est. reading time\" \/>\n\t<meta name=\"twitter:data1\" content=\"2 minutes\" \/>\n<script type=\"application\/ld+json\" class=\"yoast-schema-graph\">{\"@context\":\"https:\/\/schema.org\",\"@graph\":[{\"@type\":\"WebPage\",\"@id\":\"https:\/\/thuchanhseo.com\/?page_id=1244\",\"url\":\"https:\/\/thuchanhseo.com\/?page_id=1244\",\"name\":\"Th\u00f4ng b\u00e1o - Th\u1ef1c h\u00e0nh SEO\",\"isPartOf\":{\"@id\":\"https:\/\/thuchanhseo.com\/#website\"},\"primaryImageOfPage\":{\"@id\":\"https:\/\/thuchanhseo.com\/?page_id=1244#primaryimage\"},\"image\":{\"@id\":\"https:\/\/thuchanhseo.com\/?page_id=1244#primaryimage\"},\"thumbnailUrl\":\"https:\/\/thuchanhseo.com\/wp-content\/uploads\/2025\/06\/z6672744791757_d884a96e0aa0c573303f632f66dcfe6f.jpg\",\"datePublished\":\"2025-06-04T17:00:15+00:00\",\"dateModified\":\"2025-06-08T17:28:47+00:00\",\"breadcrumb\":{\"@id\":\"https:\/\/thuchanhseo.com\/?page_id=1244#breadcrumb\"},\"inLanguage\":\"en-US\",\"potentialAction\":[{\"@type\":\"ReadAction\",\"target\":[\"https:\/\/thuchanhseo.com\/?page_id=1244\"]}]},{\"@type\":\"ImageObject\",\"inLanguage\":\"en-US\",\"@id\":\"https:\/\/thuchanhseo.com\/?page_id=1244#primaryimage\",\"url\":\"https:\/\/thuchanhseo.com\/wp-content\/uploads\/2025\/06\/z6672744791757_d884a96e0aa0c573303f632f66dcfe6f.jpg\",\"contentUrl\":\"https:\/\/thuchanhseo.com\/wp-content\/uploads\/2025\/06\/z6672744791757_d884a96e0aa0c573303f632f66dcfe6f.jpg\",\"width\":852,\"height\":1280},{\"@type\":\"BreadcrumbList\",\"@id\":\"https:\/\/thuchanhseo.com\/?page_id=1244#breadcrumb\",\"itemListElement\":[{\"@type\":\"ListItem\",\"position\":1,\"name\":\"Home\",\"item\":\"https:\/\/thuchanhseo.com\/\"},{\"@type\":\"ListItem\",\"position\":2,\"name\":\"HanaWear &#8211; Trang Ch\u1ee7\",\"item\":\"https:\/\/thuchanhseo.com\/?page_id=1248\"},{\"@type\":\"ListItem\",\"position\":3,\"name\":\"Th\u00f4ng b\u00e1o\"}]},{\"@type\":\"WebSite\",\"@id\":\"https:\/\/thuchanhseo.com\/#website\",\"url\":\"https:\/\/thuchanhseo.com\/\",\"name\":\"Th\u1ef1c h\u00e0nh SEO\",\"description\":\"\",\"potentialAction\":[{\"@type\":\"SearchAction\",\"target\":{\"@type\":\"EntryPoint\",\"urlTemplate\":\"https:\/\/thuchanhseo.com\/?s={search_term_string}\"},\"query-input\":{\"@type\":\"PropertyValueSpecification\",\"valueRequired\":true,\"valueName\":\"search_term_string\"}}],\"inLanguage\":\"en-US\"}]}<\/script>\n<!-- \/ Yoast SEO plugin. -->","yoast_head_json":{"title":"Th\u00f4ng b\u00e1o - Th\u1ef1c h\u00e0nh SEO","robots":{"index":"index","follow":"follow","max-snippet":"max-snippet:-1","max-image-preview":"max-image-preview:large","max-video-preview":"max-video-preview:-1"},"canonical":"https:\/\/thuchanhseo.com\/?page_id=1244","og_locale":"en_US","og_type":"article","og_title":"Th\u00f4ng b\u00e1o - Th\u1ef1c h\u00e0nh SEO","og_description":"B\u1ed9 s\u01b0u t\u1eadp m\u1edbi \u201cLumi\u00e8re Froide\u201d 5\/2025Kh\u00e1m ph\u00e1 b\u1ed9 s\u01b0u t\u1eadp m\u1edbi v\u1edbi nh\u1eefng thi\u1ebft k\u1ebf hi\u1ec7n \u0111\u1ea1i, b\u1eaft trend v\u00e0 ph\u00f9 h\u1ee3p v\u1edbi m\u1ecdi phong c\u00e1ch trong m\u00f9a m\u1edbi. Th\u00f4ng tin m\u1edbi M\u00f9a Sale Hanawear: \u01afu \u0110\u00e3i Th\u1eddi Trang N\u1eef Gi\u1ea3m \u0110\u1ebfn 50% M\u00f9a sale Hanawear \u0111\u00e3 b\u1eaft \u0111\u1ea7u! S\u0103n qu\u1ea7n \u00e1o \u0111\u1eb9p, gi\u00e1 [&hellip;]","og_url":"https:\/\/thuchanhseo.com\/?page_id=1244","og_site_name":"Th\u1ef1c h\u00e0nh SEO","article_modified_time":"2025-06-08T17:28:47+00:00","og_image":[{"width":852,"height":1280,"url":"https:\/\/thuchanhseo.com\/wp-content\/uploads\/2025\/06\/z6672744791757_d884a96e0aa0c573303f632f66dcfe6f.jpg","type":"image\/jpeg"}],"twitter_card":"summary_large_image","twitter_misc":{"Est. reading time":"2 minutes"},"schema":{"@context":"https:\/\/schema.org","@graph":[{"@type":"WebPage","@id":"https:\/\/thuchanhseo.com\/?page_id=1244","url":"https:\/\/thuchanhseo.com\/?page_id=1244","name":"Th\u00f4ng b\u00e1o - Th\u1ef1c h\u00e0nh SEO","isPartOf":{"@id":"https:\/\/thuchanhseo.com\/#website"},"primaryImageOfPage":{"@id":"https:\/\/thuchanhseo.com\/?page_id=1244#primaryimage"},"image":{"@id":"https:\/\/thuchanhseo.com\/?page_id=1244#primaryimage"},"thumbnailUrl":"https:\/\/thuchanhseo.com\/wp-content\/uploads\/2025\/06\/z6672744791757_d884a96e0aa0c573303f632f66dcfe6f.jpg","datePublished":"2025-06-04T17:00:15+00:00","dateModified":"2025-06-08T17:28:47+00:00","breadcrumb":{"@id":"https:\/\/thuchanhseo.com\/?page_id=1244#breadcrumb"},"inLanguage":"en-US","potentialAction":[{"@type":"ReadAction","target":["https:\/\/thuchanhseo.com\/?page_id=1244"]}]},{"@type":"ImageObject","inLanguage":"en-US","@id":"https:\/\/thuchanhseo.com\/?page_id=1244#primaryimage","url":"https:\/\/thuchanhseo.com\/wp-content\/uploads\/2025\/06\/z6672744791757_d884a96e0aa0c573303f632f66dcfe6f.jpg","contentUrl":"https:\/\/thuchanhseo.com\/wp-content\/uploads\/2025\/06\/z6672744791757_d884a96e0aa0c573303f632f66dcfe6f.jpg","width":852,"height":1280},{"@type":"BreadcrumbList","@id":"https:\/\/thuchanhseo.com\/?page_id=1244#breadcrumb","itemListElement":[{"@type":"ListItem","position":1,"name":"Home","item":"https:\/\/thuchanhseo.com\/"},{"@type":"ListItem","position":2,"name":"HanaWear &#8211; Trang Ch\u1ee7","item":"https:\/\/thuchanhseo.com\/?page_id=1248"},{"@type":"ListItem","position":3,"name":"Th\u00f4ng b\u00e1o"}]},{"@type":"WebSite","@id":"https:\/\/thuchanhseo.com\/#website","url":"https:\/\/thuchanhseo.com\/","name":"Th\u1ef1c h\u00e0nh SEO","description":"","potentialAction":[{"@type":"SearchAction","target":{"@type":"EntryPoint","urlTemplate":"https:\/\/thuchanhseo.com\/?s={search_term_string}"},"query-input":{"@type":"PropertyValueSpecification","valueRequired":true,"valueName":"search_term_string"}}],"inLanguage":"en-US"}]}},"_links":{"self":[{"href":"https:\/\/thuchanhseo.com\/index.php?rest_route=\/wp\/v2\/pages\/1244","targetHints":{"allow":["GET"]}}],"collection":[{"href":"https:\/\/thuchanhseo.com\/index.php?rest_route=\/wp\/v2\/pages"}],"about":[{"href":"https:\/\/thuchanhseo.com\/index.php?rest_route=\/wp\/v2\/types\/page"}],"author":[{"embeddable":true,"href":"https:\/\/thuchanhseo.com\/index.php?rest_route=\/wp\/v2\/users\/7"}],"replies":[{"embeddable":true,"href":"https:\/\/thuchanhseo.com\/index.php?rest_route=%2Fwp%2Fv2%2Fcomments&post=1244"}],"version-history":[{"count":5,"href":"https:\/\/thuchanhseo.com\/index.php?rest_route=\/wp\/v2\/pages\/1244\/revisions"}],"predecessor-version":[{"id":2532,"href":"https:\/\/thuchanhseo.com\/index.php?rest_route=\/wp\/v2\/pages\/1244\/revisions\/2532"}],"up":[{"embeddable":true,"href":"https:\/\/thuchanhseo.com\/index.php?rest_route=\/wp\/v2\/pages\/1248"}],"wp:attachment":[{"href":"https:\/\/thuchanhseo.com\/index.php?rest_route=%2Fwp%2Fv2%2Fmedia&parent=1244"}],"curies":[{"name":"wp","href":"https:\/\/api.w.org\/{rel}","templated":true}]}}